{"id":96,"date":"2026-02-25T06:31:13","date_gmt":"2026-02-25T06:31:13","guid":{"rendered":"https:\/\/observatoire.sdesj.org\/?page_id=96"},"modified":"2026-04-01T08:55:37","modified_gmt":"2026-04-01T08:55:37","slug":"appels-a-candidatures","status":"publish","type":"page","link":"https:\/\/observatoire.sdesj.org\/en\/appels-a-candidatures\/","title":{"rendered":"Calls for applications"},"content":{"rendered":"\t\t<div data-elementor-type=\"wp-page\" data-elementor-id=\"96\" class=\"elementor elementor-96\" data-elementor-post-type=\"page\">\n\t\t\t\t<div data-particle_enable=\"false\" data-particle-mobile-disabled=\"false\" class=\"elementor-element elementor-element-fa233fd e-flex e-con-boxed e-con e-parent\" data-id=\"fa233fd\" data-element_type=\"container\" data-e-type=\"container\" data-settings=\"{&quot;background_background&quot;:&quot;classic&quot;}\">\n\t\t\t\t\t<div class=\"e-con-inner\">\n\t\t\t\t<div class=\"elementor-element elementor-element-1cb7b8c elementor-align-center elementor-widget elementor-widget-button\" data-id=\"1cb7b8c\" data-element_type=\"widget\" data-e-type=\"widget\" data-widget_type=\"button.default\">\n\t\t\t\t\t\t\t\t\t\t<a class=\"elementor-button elementor-size-sm\" role=\"button\">\n\t\t\t\t\t\t<span class=\"elementor-button-content-wrapper\">\n\t\t\t\t\t\t\t\t\t<span class=\"elementor-button-text\">Appel ouvert<\/span>\n\t\t\t\t\t<\/span>\n\t\t\t\t\t<\/a>\n\t\t\t\t\t\t\t\t<\/div>\n\t\t\t\t<div class=\"elementor-element elementor-element-12bd17e elementor-widget elementor-widget-heading\" data-id=\"12bd17e\" data-element_type=\"widget\" data-e-type=\"widget\" data-widget_type=\"heading.default\">\n\t\t\t\t\t<h2 class=\"elementor-heading-title elementor-size-default\">Appel \u00e0 candidature<\/h2>\t\t\t\t<\/div>\n\t\t\t\t<div class=\"elementor-element elementor-element-68d254d elementor-widget elementor-widget-text-editor\" data-id=\"68d254d\" data-element_type=\"widget\" data-e-type=\"widget\" data-widget_type=\"text-editor.default\">\n\t\t\t\t\t\t\t\t\t<section class=\"relative pt-32 pb-20 px-6\"><div class=\"max-w-4xl mx-auto text-center\"><p class=\"text-xl text-gray-600 max-w-3xl mx-auto\">Rejoins le Comit\u00e9 de recherche des jeunes et participe activement aux r\u00e9flexions qui fa\u00e7onnent l&rsquo;avenir de nos communaut\u00e9s<\/p><\/div><\/section><section class=\"py-12 px-6\"><div class=\"max-w-5xl mx-auto\"><div class=\"rounded-lg bg-card text-card-foreground mb-12 overflow-hidden border-2 border-sdesj-green\/20 shadow-xl hover:shadow-2xl transition-shadow duration-300\"><div class=\"bg-gradient-to-r from-sdesj-green to-emerald-500 p-8 text-white\"><div class=\"flex items-center gap-3 mb-4\">\u00a0<\/div><\/div><\/div><\/div><\/section>\t\t\t\t\t\t\t\t<\/div>\n\t\t\t\t\t<\/div>\n\t\t\t\t<\/div>\n\t\t<div data-particle_enable=\"false\" data-particle-mobile-disabled=\"false\" class=\"elementor-element elementor-element-2985435 e-flex e-con-boxed e-con e-parent\" data-id=\"2985435\" data-element_type=\"container\" data-e-type=\"container\">\n\t\t\t\t\t<div class=\"e-con-inner\">\n\t\t\t\t<div class=\"elementor-element elementor-element-b0170f4 elementor-grid-3 elementor-grid-tablet-2 elementor-grid-mobile-1 elementor-widget elementor-widget-loop-grid\" data-id=\"b0170f4\" data-element_type=\"widget\" data-e-type=\"widget\" data-settings=\"{&quot;template_id&quot;:&quot;1030&quot;,&quot;pagination_type&quot;:&quot;load_more_on_click&quot;,&quot;_skin&quot;:&quot;post&quot;,&quot;columns&quot;:&quot;3&quot;,&quot;columns_tablet&quot;:&quot;2&quot;,&quot;columns_mobile&quot;:&quot;1&quot;,&quot;edit_handle_selector&quot;:&quot;[data-elementor-type=\\&quot;loop-item\\&quot;]&quot;,&quot;load_more_spinner&quot;:{&quot;value&quot;:&quot;fas fa-spinner&quot;,&quot;library&quot;:&quot;fa-solid&quot;},&quot;row_gap&quot;:{&quot;unit&quot;:&quot;px&quot;,&quot;size&quot;:&quot;&quot;,&quot;sizes&quot;:[]},&quot;row_gap_tablet&quot;:{&quot;unit&quot;:&quot;px&quot;,&quot;size&quot;:&quot;&quot;,&quot;sizes&quot;:[]},&quot;row_gap_mobile&quot;:{&quot;unit&quot;:&quot;px&quot;,&quot;size&quot;:&quot;&quot;,&quot;sizes&quot;:[]}}\" data-widget_type=\"loop-grid.post\">\n\t\t\t\t<div class=\"elementor-widget-container\">\n\t\t\t\t\t\t\t<div class=\"elementor-loop-container elementor-grid\" role=\"list\">\n\t\t<style id=\"loop-1030\">.elementor-1030 .elementor-element.elementor-element-8e572af{--display:flex;--min-height:126px;--justify-content:center;--border-radius:10px 10px 10px 10px;box-shadow:0px 0px 10px 0px rgba(0, 0, 0, 0.22);}.elementor-1030 .elementor-element.elementor-element-8e572af:not(.elementor-motion-effects-element-type-background), .elementor-1030 .elementor-element.elementor-element-8e572af > .elementor-motion-effects-container > .elementor-motion-effects-layer{background-color:#FFFFFF;}.elementor-1030 .elementor-element.elementor-element-8e572af:hover{border-style:solid;border-width:1px 1px 1px 1px;--border-top-width:1px;--border-right-width:1px;--border-bottom-width:1px;--border-left-width:1px;border-color:#F9D438;--border-color:#F9D438;--border-radius:10px 10px 10px 10px;--border-top-left-radius:10px;--border-top-right-radius:10px;--border-bottom-right-radius:10px;--border-bottom-left-radius:10px;}.elementor-1030 .elementor-element.elementor-element-8e572af, .elementor-1030 .elementor-element.elementor-element-8e572af::before{--border-transition:0.3s;}.elementor-1030 .elementor-element.elementor-element-8e572af.e-con:hover{--e-con-transform-translateX:0px;--e-con-transform-translateY:-4px;}.elementor-1030 .elementor-element.elementor-element-329f783{width:100%;max-width:100%;}.elementor-1030 .elementor-element.elementor-element-3372b9e .elementor-heading-title{font-family:\"Inter\", Sans-serif;font-size:30px;font-weight:500;color:#17265F;}.elementor-1030 .elementor-element.elementor-element-3372b9e{padding:0px 20px 0px 20px;}.elementor-1030 .elementor-element.elementor-element-2232f61{color:#4C5361;padding:0px 20px 0px 20px;}.elementor-1030 .elementor-element.elementor-element-5caefff{font-family:\"Inter\", Sans-serif;font-size:16px;font-weight:400;color:#7A7A7A;padding:0px 20px 0px 20px;}.elementor-1030 .elementor-element.elementor-element-4088020 .elementor-heading-title{font-family:\"Inter\", Sans-serif;font-size:16px;font-weight:600;color:#17265F;}.elementor-1030 .elementor-element.elementor-element-4088020{margin:20px 20px calc(var(--kit-widget-spacing, 0px) + 20px) 20px;padding:0px 0px 0px 5px;}\/* Start custom CSS for text-editor, class: .elementor-element-2232f61 *\/\/* 2. Your existing limit-text logic applied to the summary *\/\n.ev-limit-text {\n    display: -webkit-box !important;\n    -webkit-line-clamp: 3; \n    -webkit-box-orient: vertical;\n    overflow: hidden;\n    text-overflow: ellipsis;\n    list-style: none; \/* Removes default arrow in most browsers *\/\n}\n\n\/* Remove default arrow in Chrome\/Safari *\/\n.ev-limit-text::-webkit-details-marker {\n    display: none;\n}\/* End custom CSS *\/\n\/* Start custom CSS for heading, class: .elementor-element-4088020 *\/\/* The custom class for the button *\/\n.ev-btn-bottom {\n    margin-top: auto !important;\n}\/* End custom CSS *\/<\/style>\t\t<div data-elementor-type=\"loop-item\" data-elementor-id=\"1030\" class=\"elementor elementor-1030 e-loop-item e-loop-item-1639 post-1639 opportunites type-opportunites status-publish has-post-thumbnail hentry opportunites-catagries-appel-a-candidature\" data-elementor-post-type=\"elementor_library\" data-custom-edit-handle=\"1\">\n\t\t\t<div data-particle_enable=\"false\" data-particle-mobile-disabled=\"false\" class=\"elementor-element elementor-element-8e572af e-con-full e-transform e-flex e-con e-parent\" data-id=\"8e572af\" data-element_type=\"container\" data-e-type=\"container\" data-settings=\"{&quot;background_background&quot;:&quot;classic&quot;,&quot;_transform_translateX_effect_hover&quot;:{&quot;unit&quot;:&quot;px&quot;,&quot;size&quot;:0,&quot;sizes&quot;:[]},&quot;_transform_translateY_effect_hover&quot;:{&quot;unit&quot;:&quot;px&quot;,&quot;size&quot;:-4,&quot;sizes&quot;:[]},&quot;_transform_translateX_effect_hover_tablet&quot;:{&quot;unit&quot;:&quot;px&quot;,&quot;size&quot;:&quot;&quot;,&quot;sizes&quot;:[]},&quot;_transform_translateX_effect_hover_mobile&quot;:{&quot;unit&quot;:&quot;px&quot;,&quot;size&quot;:&quot;&quot;,&quot;sizes&quot;:[]},&quot;_transform_translateY_effect_hover_tablet&quot;:{&quot;unit&quot;:&quot;px&quot;,&quot;size&quot;:&quot;&quot;,&quot;sizes&quot;:[]},&quot;_transform_translateY_effect_hover_mobile&quot;:{&quot;unit&quot;:&quot;px&quot;,&quot;size&quot;:&quot;&quot;,&quot;sizes&quot;:[]}}\">\n\t\t\t\t<div class=\"elementor-element elementor-element-329f783 elementor-widget__width-inherit elementor-widget elementor-widget-image\" data-id=\"329f783\" data-element_type=\"widget\" data-e-type=\"widget\" data-widget_type=\"image.default\">\n\t\t\t\t\t\t\t\t\t\t\t\t\t\t\t<img fetchpriority=\"high\" decoding=\"async\" width=\"512\" height=\"512\" src=\"https:\/\/observatoire.sdesj.org\/wp-content\/uploads\/2026\/01\/cropped-eff9779e-f184-4bfa-9416-5b32614ad2bd-Picsart-BackgroundRemover.png\" class=\"attachment-large size-large wp-image-1469\" alt=\"\" srcset=\"https:\/\/observatoire.sdesj.org\/wp-content\/uploads\/2026\/01\/cropped-eff9779e-f184-4bfa-9416-5b32614ad2bd-Picsart-BackgroundRemover.png 512w, https:\/\/observatoire.sdesj.org\/wp-content\/uploads\/2026\/01\/cropped-eff9779e-f184-4bfa-9416-5b32614ad2bd-Picsart-BackgroundRemover-300x300.png 300w, https:\/\/observatoire.sdesj.org\/wp-content\/uploads\/2026\/01\/cropped-eff9779e-f184-4bfa-9416-5b32614ad2bd-Picsart-BackgroundRemover-150x150.png 150w, https:\/\/observatoire.sdesj.org\/wp-content\/uploads\/2026\/01\/cropped-eff9779e-f184-4bfa-9416-5b32614ad2bd-Picsart-BackgroundRemover-270x270.png 270w, https:\/\/observatoire.sdesj.org\/wp-content\/uploads\/2026\/01\/cropped-eff9779e-f184-4bfa-9416-5b32614ad2bd-Picsart-BackgroundRemover-192x192.png 192w, https:\/\/observatoire.sdesj.org\/wp-content\/uploads\/2026\/01\/cropped-eff9779e-f184-4bfa-9416-5b32614ad2bd-Picsart-BackgroundRemover-180x180.png 180w, https:\/\/observatoire.sdesj.org\/wp-content\/uploads\/2026\/01\/cropped-eff9779e-f184-4bfa-9416-5b32614ad2bd-Picsart-BackgroundRemover-32x32.png 32w\" sizes=\"(max-width: 512px) 100vw, 512px\" \/>\t\t\t\t\t\t\t\t\t\t\t\t\t\t\t<\/div>\n\t\t\t\t<div class=\"elementor-element elementor-element-3372b9e elementor-widget elementor-widget-theme-post-title elementor-page-title elementor-widget-heading\" data-id=\"3372b9e\" data-element_type=\"widget\" data-e-type=\"widget\" data-widget_type=\"theme-post-title.default\">\n\t\t\t\t\t<h2 class=\"elementor-heading-title elementor-size-default\">L&rsquo;observatoire recrute<\/h2>\t\t\t\t<\/div>\n\t\t\t\t<div class=\"elementor-element elementor-element-2232f61 ev-limit-text elementor-widget elementor-widget-text-editor\" data-id=\"2232f61\" data-element_type=\"widget\" data-e-type=\"widget\" data-widget_type=\"text-editor.default\">\n\t\t\t\t\t\t\t\t\t<p>L&rsquo;Observatoire des communaut\u00e9s noires du Qu\u00e9bec recrute deux jeunes pour son Comit\u00e9 de recherche des jeunes<\/p>\n\t\t\t\t\t\t\t\t<\/div>\n\t\t\t\t<div class=\"elementor-element elementor-element-5caefff elementor-widget elementor-widget-text-editor\" data-id=\"5caefff\" data-element_type=\"widget\" data-e-type=\"widget\" data-widget_type=\"text-editor.default\">\n\t\t\t\t\t\t\t\t\t15\/03\/2026\t\t\t\t\t\t\t\t<\/div>\n\t\t\t\t<div class=\"elementor-element elementor-element-4088020 ev-btn-bottom elementor-widget elementor-widget-heading\" data-id=\"4088020\" data-element_type=\"widget\" data-e-type=\"widget\" data-widget_type=\"heading.default\">\n\t\t\t\t\t<h2 class=\"elementor-heading-title elementor-size-default\"><a href=\"https:\/\/observatoire.sdesj.org\/en\/opportunites\/lobservatoire-recrute-3\/\">En savoir plus<\/a><\/h2>\t\t\t\t<\/div>\n\t\t\t\t<\/div>\n\t\t\t\t<\/div>\n\t\t\t\t<div data-elementor-type=\"loop-item\" data-elementor-id=\"1030\" class=\"elementor elementor-1030 e-loop-item e-loop-item-1625 post-1625 opportunites type-opportunites status-publish has-post-thumbnail hentry opportunites-catagries-appel-a-candidature\" data-elementor-post-type=\"elementor_library\" data-custom-edit-handle=\"1\">\n\t\t\t<div data-particle_enable=\"false\" data-particle-mobile-disabled=\"false\" class=\"elementor-element elementor-element-8e572af e-con-full e-transform e-flex e-con e-parent\" data-id=\"8e572af\" data-element_type=\"container\" data-e-type=\"container\" data-settings=\"{&quot;background_background&quot;:&quot;classic&quot;,&quot;_transform_translateX_effect_hover&quot;:{&quot;unit&quot;:&quot;px&quot;,&quot;size&quot;:0,&quot;sizes&quot;:[]},&quot;_transform_translateY_effect_hover&quot;:{&quot;unit&quot;:&quot;px&quot;,&quot;size&quot;:-4,&quot;sizes&quot;:[]},&quot;_transform_translateX_effect_hover_tablet&quot;:{&quot;unit&quot;:&quot;px&quot;,&quot;size&quot;:&quot;&quot;,&quot;sizes&quot;:[]},&quot;_transform_translateX_effect_hover_mobile&quot;:{&quot;unit&quot;:&quot;px&quot;,&quot;size&quot;:&quot;&quot;,&quot;sizes&quot;:[]},&quot;_transform_translateY_effect_hover_tablet&quot;:{&quot;unit&quot;:&quot;px&quot;,&quot;size&quot;:&quot;&quot;,&quot;sizes&quot;:[]},&quot;_transform_translateY_effect_hover_mobile&quot;:{&quot;unit&quot;:&quot;px&quot;,&quot;size&quot;:&quot;&quot;,&quot;sizes&quot;:[]}}\">\n\t\t\t\t<div class=\"elementor-element elementor-element-329f783 elementor-widget__width-inherit elementor-widget elementor-widget-image\" data-id=\"329f783\" data-element_type=\"widget\" data-e-type=\"widget\" data-widget_type=\"image.default\">\n\t\t\t\t\t\t\t\t\t\t\t\t\t\t\t<img fetchpriority=\"high\" decoding=\"async\" width=\"512\" height=\"512\" src=\"https:\/\/observatoire.sdesj.org\/wp-content\/uploads\/2026\/01\/cropped-eff9779e-f184-4bfa-9416-5b32614ad2bd-Picsart-BackgroundRemover.png\" class=\"attachment-large size-large wp-image-1469\" alt=\"\" srcset=\"https:\/\/observatoire.sdesj.org\/wp-content\/uploads\/2026\/01\/cropped-eff9779e-f184-4bfa-9416-5b32614ad2bd-Picsart-BackgroundRemover.png 512w, https:\/\/observatoire.sdesj.org\/wp-content\/uploads\/2026\/01\/cropped-eff9779e-f184-4bfa-9416-5b32614ad2bd-Picsart-BackgroundRemover-300x300.png 300w, https:\/\/observatoire.sdesj.org\/wp-content\/uploads\/2026\/01\/cropped-eff9779e-f184-4bfa-9416-5b32614ad2bd-Picsart-BackgroundRemover-150x150.png 150w, https:\/\/observatoire.sdesj.org\/wp-content\/uploads\/2026\/01\/cropped-eff9779e-f184-4bfa-9416-5b32614ad2bd-Picsart-BackgroundRemover-270x270.png 270w, https:\/\/observatoire.sdesj.org\/wp-content\/uploads\/2026\/01\/cropped-eff9779e-f184-4bfa-9416-5b32614ad2bd-Picsart-BackgroundRemover-192x192.png 192w, https:\/\/observatoire.sdesj.org\/wp-content\/uploads\/2026\/01\/cropped-eff9779e-f184-4bfa-9416-5b32614ad2bd-Picsart-BackgroundRemover-180x180.png 180w, https:\/\/observatoire.sdesj.org\/wp-content\/uploads\/2026\/01\/cropped-eff9779e-f184-4bfa-9416-5b32614ad2bd-Picsart-BackgroundRemover-32x32.png 32w\" sizes=\"(max-width: 512px) 100vw, 512px\" \/>\t\t\t\t\t\t\t\t\t\t\t\t\t\t\t<\/div>\n\t\t\t\t<div class=\"elementor-element elementor-element-3372b9e elementor-widget elementor-widget-theme-post-title elementor-page-title elementor-widget-heading\" data-id=\"3372b9e\" data-element_type=\"widget\" data-e-type=\"widget\" data-widget_type=\"theme-post-title.default\">\n\t\t\t\t\t<h2 class=\"elementor-heading-title elementor-size-default\">L&rsquo;observatoire recrute<\/h2>\t\t\t\t<\/div>\n\t\t\t\t<div class=\"elementor-element elementor-element-2232f61 ev-limit-text elementor-widget elementor-widget-text-editor\" data-id=\"2232f61\" data-element_type=\"widget\" data-e-type=\"widget\" data-widget_type=\"text-editor.default\">\n\t\t\t\t\t\t\t\t\t<p>L&rsquo;Observatoire des communaut\u00e9s noires du Qu\u00e9bec recrute deux jeunes pour son Comit\u00e9 de recherche des jeunes<\/p>\n\t\t\t\t\t\t\t\t<\/div>\n\t\t\t\t<div class=\"elementor-element elementor-element-5caefff elementor-widget elementor-widget-text-editor\" data-id=\"5caefff\" data-element_type=\"widget\" data-e-type=\"widget\" data-widget_type=\"text-editor.default\">\n\t\t\t\t\t\t\t\t\t15\/03\/2026\t\t\t\t\t\t\t\t<\/div>\n\t\t\t\t<div class=\"elementor-element elementor-element-4088020 ev-btn-bottom elementor-widget elementor-widget-heading\" data-id=\"4088020\" data-element_type=\"widget\" data-e-type=\"widget\" data-widget_type=\"heading.default\">\n\t\t\t\t\t<h2 class=\"elementor-heading-title elementor-size-default\"><a href=\"https:\/\/observatoire.sdesj.org\/en\/opportunites\/lobservatoire-recrute-2\/\">En savoir plus<\/a><\/h2>\t\t\t\t<\/div>\n\t\t\t\t<\/div>\n\t\t\t\t<\/div>\n\t\t\t\t<div data-elementor-type=\"loop-item\" data-elementor-id=\"1030\" class=\"elementor elementor-1030 e-loop-item e-loop-item-724 post-724 opportunites type-opportunites status-publish has-post-thumbnail hentry opportunites-catagries-appel-a-candidature\" data-elementor-post-type=\"elementor_library\" data-custom-edit-handle=\"1\">\n\t\t\t<div data-particle_enable=\"false\" data-particle-mobile-disabled=\"false\" class=\"elementor-element elementor-element-8e572af e-con-full e-transform e-flex e-con e-parent\" data-id=\"8e572af\" data-element_type=\"container\" data-e-type=\"container\" data-settings=\"{&quot;background_background&quot;:&quot;classic&quot;,&quot;_transform_translateX_effect_hover&quot;:{&quot;unit&quot;:&quot;px&quot;,&quot;size&quot;:0,&quot;sizes&quot;:[]},&quot;_transform_translateY_effect_hover&quot;:{&quot;unit&quot;:&quot;px&quot;,&quot;size&quot;:-4,&quot;sizes&quot;:[]},&quot;_transform_translateX_effect_hover_tablet&quot;:{&quot;unit&quot;:&quot;px&quot;,&quot;size&quot;:&quot;&quot;,&quot;sizes&quot;:[]},&quot;_transform_translateX_effect_hover_mobile&quot;:{&quot;unit&quot;:&quot;px&quot;,&quot;size&quot;:&quot;&quot;,&quot;sizes&quot;:[]},&quot;_transform_translateY_effect_hover_tablet&quot;:{&quot;unit&quot;:&quot;px&quot;,&quot;size&quot;:&quot;&quot;,&quot;sizes&quot;:[]},&quot;_transform_translateY_effect_hover_mobile&quot;:{&quot;unit&quot;:&quot;px&quot;,&quot;size&quot;:&quot;&quot;,&quot;sizes&quot;:[]}}\">\n\t\t\t\t<div class=\"elementor-element elementor-element-329f783 elementor-widget__width-inherit elementor-widget elementor-widget-image\" data-id=\"329f783\" data-element_type=\"widget\" data-e-type=\"widget\" data-widget_type=\"image.default\">\n\t\t\t\t\t\t\t\t\t\t\t\t\t\t\t<img fetchpriority=\"high\" decoding=\"async\" width=\"512\" height=\"512\" src=\"https:\/\/observatoire.sdesj.org\/wp-content\/uploads\/2026\/01\/cropped-eff9779e-f184-4bfa-9416-5b32614ad2bd-Picsart-BackgroundRemover.png\" class=\"attachment-large size-large wp-image-1469\" alt=\"\" srcset=\"https:\/\/observatoire.sdesj.org\/wp-content\/uploads\/2026\/01\/cropped-eff9779e-f184-4bfa-9416-5b32614ad2bd-Picsart-BackgroundRemover.png 512w, https:\/\/observatoire.sdesj.org\/wp-content\/uploads\/2026\/01\/cropped-eff9779e-f184-4bfa-9416-5b32614ad2bd-Picsart-BackgroundRemover-300x300.png 300w, https:\/\/observatoire.sdesj.org\/wp-content\/uploads\/2026\/01\/cropped-eff9779e-f184-4bfa-9416-5b32614ad2bd-Picsart-BackgroundRemover-150x150.png 150w, https:\/\/observatoire.sdesj.org\/wp-content\/uploads\/2026\/01\/cropped-eff9779e-f184-4bfa-9416-5b32614ad2bd-Picsart-BackgroundRemover-270x270.png 270w, https:\/\/observatoire.sdesj.org\/wp-content\/uploads\/2026\/01\/cropped-eff9779e-f184-4bfa-9416-5b32614ad2bd-Picsart-BackgroundRemover-192x192.png 192w, https:\/\/observatoire.sdesj.org\/wp-content\/uploads\/2026\/01\/cropped-eff9779e-f184-4bfa-9416-5b32614ad2bd-Picsart-BackgroundRemover-180x180.png 180w, https:\/\/observatoire.sdesj.org\/wp-content\/uploads\/2026\/01\/cropped-eff9779e-f184-4bfa-9416-5b32614ad2bd-Picsart-BackgroundRemover-32x32.png 32w\" sizes=\"(max-width: 512px) 100vw, 512px\" \/>\t\t\t\t\t\t\t\t\t\t\t\t\t\t\t<\/div>\n\t\t\t\t<div class=\"elementor-element elementor-element-3372b9e elementor-widget elementor-widget-theme-post-title elementor-page-title elementor-widget-heading\" data-id=\"3372b9e\" data-element_type=\"widget\" data-e-type=\"widget\" data-widget_type=\"theme-post-title.default\">\n\t\t\t\t\t<h2 class=\"elementor-heading-title elementor-size-default\">L&rsquo;observatoire recrute<\/h2>\t\t\t\t<\/div>\n\t\t\t\t<div class=\"elementor-element elementor-element-5caefff elementor-widget elementor-widget-text-editor\" data-id=\"5caefff\" data-element_type=\"widget\" data-e-type=\"widget\" data-widget_type=\"text-editor.default\">\n\t\t\t\t\t\t\t\t\t15\/03\/2026\t\t\t\t\t\t\t\t<\/div>\n\t\t\t\t<div class=\"elementor-element elementor-element-4088020 ev-btn-bottom elementor-widget elementor-widget-heading\" data-id=\"4088020\" data-element_type=\"widget\" data-e-type=\"widget\" data-widget_type=\"heading.default\">\n\t\t\t\t\t<h2 class=\"elementor-heading-title elementor-size-default\"><a href=\"https:\/\/observatoire.sdesj.org\/en\/opportunites\/lobservatoire-recrute\/\">En savoir plus<\/a><\/h2>\t\t\t\t<\/div>\n\t\t\t\t<\/div>\n\t\t\t\t<\/div>\n\t\t\t\t<\/div>\n\t\t\t\t\t<span class=\"e-load-more-spinner\">\n\t\t\t\t<svg aria-hidden=\"true\" class=\"e-font-icon-svg e-fas-spinner\" viewBox=\"0 0 512 512\" xmlns=\"http:\/\/www.w3.org\/2000\/svg\"><path d=\"M304 48c0 26.51-21.49 48-48 48s-48-21.49-48-48 21.49-48 48-48 48 21.49 48 48zm-48 368c-26.51 0-48 21.49-48 48s21.49 48 48 48 48-21.49 48-48-21.49-48-48-48zm208-208c-26.51 0-48 21.49-48 48s21.49 48 48 48 48-21.49 48-48-21.49-48-48-48zM96 256c0-26.51-21.49-48-48-48S0 229.49 0 256s21.49 48 48 48 48-21.49 48-48zm12.922 99.078c-26.51 0-48 21.49-48 48s21.49 48 48 48 48-21.49 48-48c0-26.509-21.491-48-48-48zm294.156 0c-26.51 0-48 21.49-48 48s21.49 48 48 48 48-21.49 48-48c0-26.509-21.49-48-48-48zM108.922 60.922c-26.51 0-48 21.49-48 48s21.49 48 48 48 48-21.49 48-48-21.491-48-48-48z\"><\/path><\/svg>\t\t\t<\/span>\n\t\t\n\t\t\t\t\t\t<\/div>\n\t\t\t\t<\/div>\n\t\t<div data-particle_enable=\"false\" data-particle-mobile-disabled=\"false\" class=\"elementor-element elementor-element-4058bc5 e-con-full e-flex e-con e-child\" data-id=\"4058bc5\" data-element_type=\"container\" data-e-type=\"container\" data-settings=\"{&quot;background_background&quot;:&quot;classic&quot;}\">\n\t\t\t\t<div class=\"elementor-element elementor-element-f1cc570 elementor-widget elementor-widget-heading\" data-id=\"f1cc570\" data-element_type=\"widget\" data-e-type=\"widget\" data-widget_type=\"heading.default\">\n\t\t\t\t\t<h2 class=\"elementor-heading-title elementor-size-default\">Questions ?<\/h2>\t\t\t\t<\/div>\n\t\t\t\t<div class=\"elementor-element elementor-element-12b46d4 elementor-widget elementor-widget-text-editor\" data-id=\"12b46d4\" data-element_type=\"widget\" data-e-type=\"widget\" data-widget_type=\"text-editor.default\">\n\t\t\t\t\t\t\t\t\t<p class=\"text-gray-700 mb-4\">Pour plus d&rsquo;informations sur cet appel \u00e0 candidature, n&rsquo;h\u00e9site pas \u00e0 nous contacter.<\/p>\t\t\t\t\t\t\t\t<\/div>\n\t\t\t\t<div class=\"elementor-element elementor-element-bcb0b0c elementor-icon-list--layout-traditional elementor-list-item-link-full_width elementor-widget elementor-widget-icon-list\" data-id=\"bcb0b0c\" data-element_type=\"widget\" data-e-type=\"widget\" data-widget_type=\"icon-list.default\">\n\t\t\t\t\t\t\t<ul class=\"elementor-icon-list-items\">\n\t\t\t\t\t\t\t<li class=\"elementor-icon-list-item\">\n\t\t\t\t\t\t\t\t\t\t\t<span class=\"elementor-icon-list-icon\">\n\t\t\t\t\t\t\t<svg aria-hidden=\"true\" class=\"e-font-icon-svg e-far-envelope\" viewBox=\"0 0 512 512\" xmlns=\"http:\/\/www.w3.org\/2000\/svg\"><path d=\"M464 64H48C21.49 64 0 85.49 0 112v288c0 26.51 21.49 48 48 48h416c26.51 0 48-21.49 48-48V112c0-26.51-21.49-48-48-48zm0 48v40.805c-22.422 18.259-58.168 46.651-134.587 106.49-16.841 13.247-50.201 45.072-73.413 44.701-23.208.375-56.579-31.459-73.413-44.701C106.18 199.465 70.425 171.067 48 152.805V112h416zM48 400V214.398c22.914 18.251 55.409 43.862 104.938 82.646 21.857 17.205 60.134 55.186 103.062 54.955 42.717.231 80.509-37.199 103.053-54.947 49.528-38.783 82.032-64.401 104.947-82.653V400H48z\"><\/path><\/svg>\t\t\t\t\t\t<\/span>\n\t\t\t\t\t\t\t\t\t\t<span class=\"elementor-icon-list-text\">observatoire@sdesj.org<\/span>\n\t\t\t\t\t\t\t\t\t<\/li>\n\t\t\t\t\t\t<\/ul>\n\t\t\t\t\t\t<\/div>\n\t\t\t\t<\/div>\n\t\t\t\t\t<\/div>\n\t\t\t\t<\/div>\n\t\t\t\t<\/div>\n\t\t","protected":false},"excerpt":{"rendered":"<p>Appel ouvert Appel \u00e0 candidature Rejoins le Comit\u00e9 de recherche des jeunes et participe activement aux r\u00e9flexions qui fa\u00e7onnent l&rsquo;avenir de nos communaut\u00e9s \u00a0 Questions ? Pour plus d&rsquo;informations sur cet appel \u00e0 candidature, n&rsquo;h\u00e9site pas \u00e0 nous contacter. observatoire@sdesj.org<\/p>","protected":false},"author":1,"featured_media":0,"parent":0,"menu_order":0,"comment_status":"closed","ping_status":"closed","template":"","meta":{"_acf_changed":false,"footnotes":""},"class_list":["post-96","page","type-page","status-publish","hentry"],"acf":[],"_links":{"self":[{"href":"https:\/\/observatoire.sdesj.org\/en\/wp-json\/wp\/v2\/pages\/96","targetHints":{"allow":["GET"]}}],"collection":[{"href":"https:\/\/observatoire.sdesj.org\/en\/wp-json\/wp\/v2\/pages"}],"about":[{"href":"https:\/\/observatoire.sdesj.org\/en\/wp-json\/wp\/v2\/types\/page"}],"author":[{"embeddable":true,"href":"https:\/\/observatoire.sdesj.org\/en\/wp-json\/wp\/v2\/users\/1"}],"replies":[{"embeddable":true,"href":"https:\/\/observatoire.sdesj.org\/en\/wp-json\/wp\/v2\/comments?post=96"}],"version-history":[{"count":28,"href":"https:\/\/observatoire.sdesj.org\/en\/wp-json\/wp\/v2\/pages\/96\/revisions"}],"predecessor-version":[{"id":2040,"href":"https:\/\/observatoire.sdesj.org\/en\/wp-json\/wp\/v2\/pages\/96\/revisions\/2040"}],"wp:attachment":[{"href":"https:\/\/observatoire.sdesj.org\/en\/wp-json\/wp\/v2\/media?parent=96"}],"curies":[{"name":"wp","href":"https:\/\/api.w.org\/{rel}","templated":true}]}}