{"id":94,"date":"2026-02-25T06:30:42","date_gmt":"2026-02-25T06:30:42","guid":{"rendered":"https:\/\/observatoire.sdesj.org\/?page_id=94"},"modified":"2026-04-01T09:24:21","modified_gmt":"2026-04-01T09:24:21","slug":"appels-a-propositions","status":"publish","type":"page","link":"https:\/\/observatoire.sdesj.org\/en\/appels-a-propositions\/","title":{"rendered":"Calls for proposals"},"content":{"rendered":"\t\t<div data-elementor-type=\"wp-page\" data-elementor-id=\"94\" class=\"elementor elementor-94\" data-elementor-post-type=\"page\">\n\t\t\t\t<div data-particle_enable=\"false\" data-particle-mobile-disabled=\"false\" class=\"elementor-element elementor-element-d673217 e-flex e-con-boxed e-con e-parent\" data-id=\"d673217\" data-element_type=\"container\" data-e-type=\"container\" data-settings=\"{&quot;background_background&quot;:&quot;classic&quot;}\">\n\t\t\t\t\t<div class=\"e-con-inner\">\n\t\t\t\t<div class=\"elementor-element elementor-element-e62a59c elementor-align-center elementor-widget elementor-widget-button\" data-id=\"e62a59c\" data-element_type=\"widget\" data-e-type=\"widget\" data-widget_type=\"button.default\">\n\t\t\t\t\t\t\t\t\t\t<a class=\"elementor-button elementor-size-sm\" role=\"button\">\n\t\t\t\t\t\t<span class=\"elementor-button-content-wrapper\">\n\t\t\t\t\t\t\t\t\t<span class=\"elementor-button-text\">Appel ouvert<\/span>\n\t\t\t\t\t<\/span>\n\t\t\t\t\t<\/a>\n\t\t\t\t\t\t\t\t<\/div>\n\t\t\t\t<div class=\"elementor-element elementor-element-542b060 elementor-widget elementor-widget-heading\" data-id=\"542b060\" data-element_type=\"widget\" data-e-type=\"widget\" data-widget_type=\"heading.default\">\n\t\t\t\t\t<h2 class=\"elementor-heading-title elementor-size-default\">Appel \u00e0 propositions<\/h2>\t\t\t\t<\/div>\n\t\t\t\t<div class=\"elementor-element elementor-element-3d25f5c elementor-widget elementor-widget-text-editor\" data-id=\"3d25f5c\" data-element_type=\"widget\" data-e-type=\"widget\" data-widget_type=\"text-editor.default\">\n\t\t\t\t\t\t\t\t\t<section class=\"relative pt-32 pb-20 px-6\"><div class=\"max-w-4xl mx-auto text-center\"><p class=\"text-xl text-gray-600 max-w-3xl mx-auto\">L&rsquo;Observatoire des communaut\u00e9s noires du Qu\u00e9bec lance des appels \u00e0 propositions pour enrichir ses publications et projets de recherche<\/p><\/div><\/section>\t\t\t\t\t\t\t\t<\/div>\n\t\t\t\t\t<\/div>\n\t\t\t\t<\/div>\n\t\t<div data-particle_enable=\"false\" data-particle-mobile-disabled=\"false\" class=\"elementor-element elementor-element-1b99a27 e-flex e-con-boxed e-con e-parent\" data-id=\"1b99a27\" data-element_type=\"container\" data-e-type=\"container\">\n\t\t\t\t\t<div class=\"e-con-inner\">\n\t\t\t\t<div class=\"elementor-element elementor-element-2570d44 elementor-grid-3 elementor-grid-tablet-2 elementor-grid-mobile-1 elementor-widget elementor-widget-loop-grid\" data-id=\"2570d44\" data-element_type=\"widget\" data-e-type=\"widget\" data-settings=\"{&quot;template_id&quot;:&quot;1030&quot;,&quot;pagination_type&quot;:&quot;load_more_on_click&quot;,&quot;_skin&quot;:&quot;post&quot;,&quot;columns&quot;:&quot;3&quot;,&quot;columns_tablet&quot;:&quot;2&quot;,&quot;columns_mobile&quot;:&quot;1&quot;,&quot;edit_handle_selector&quot;:&quot;[data-elementor-type=\\&quot;loop-item\\&quot;]&quot;,&quot;load_more_spinner&quot;:{&quot;value&quot;:&quot;fas fa-spinner&quot;,&quot;library&quot;:&quot;fa-solid&quot;},&quot;row_gap&quot;:{&quot;unit&quot;:&quot;px&quot;,&quot;size&quot;:&quot;&quot;,&quot;sizes&quot;:[]},&quot;row_gap_tablet&quot;:{&quot;unit&quot;:&quot;px&quot;,&quot;size&quot;:&quot;&quot;,&quot;sizes&quot;:[]},&quot;row_gap_mobile&quot;:{&quot;unit&quot;:&quot;px&quot;,&quot;size&quot;:&quot;&quot;,&quot;sizes&quot;:[]}}\" data-widget_type=\"loop-grid.post\">\n\t\t\t\t<div class=\"elementor-widget-container\">\n\t\t\t\t\t\t\t<div class=\"elementor-loop-container elementor-grid\" role=\"list\">\n\t\t<style id=\"loop-1030\">.elementor-1030 .elementor-element.elementor-element-8e572af{--display:flex;--min-height:126px;--justify-content:center;--border-radius:10px 10px 10px 10px;box-shadow:0px 0px 10px 0px rgba(0, 0, 0, 0.22);}.elementor-1030 .elementor-element.elementor-element-8e572af:not(.elementor-motion-effects-element-type-background), .elementor-1030 .elementor-element.elementor-element-8e572af > .elementor-motion-effects-container > .elementor-motion-effects-layer{background-color:#FFFFFF;}.elementor-1030 .elementor-element.elementor-element-8e572af:hover{border-style:solid;border-width:1px 1px 1px 1px;--border-top-width:1px;--border-right-width:1px;--border-bottom-width:1px;--border-left-width:1px;border-color:#F9D438;--border-color:#F9D438;--border-radius:10px 10px 10px 10px;--border-top-left-radius:10px;--border-top-right-radius:10px;--border-bottom-right-radius:10px;--border-bottom-left-radius:10px;}.elementor-1030 .elementor-element.elementor-element-8e572af, .elementor-1030 .elementor-element.elementor-element-8e572af::before{--border-transition:0.3s;}.elementor-1030 .elementor-element.elementor-element-8e572af.e-con:hover{--e-con-transform-translateX:0px;--e-con-transform-translateY:-4px;}.elementor-1030 .elementor-element.elementor-element-329f783{width:100%;max-width:100%;}.elementor-1030 .elementor-element.elementor-element-3372b9e .elementor-heading-title{font-family:\"Inter\", Sans-serif;font-size:30px;font-weight:500;color:#17265F;}.elementor-1030 .elementor-element.elementor-element-3372b9e{padding:0px 20px 0px 20px;}.elementor-1030 .elementor-element.elementor-element-2232f61{color:#4C5361;padding:0px 20px 0px 20px;}.elementor-1030 .elementor-element.elementor-element-5caefff{font-family:\"Inter\", Sans-serif;font-size:16px;font-weight:400;color:#7A7A7A;padding:0px 20px 0px 20px;}.elementor-1030 .elementor-element.elementor-element-4088020 .elementor-heading-title{font-family:\"Inter\", Sans-serif;font-size:16px;font-weight:600;color:#17265F;}.elementor-1030 .elementor-element.elementor-element-4088020{margin:20px 20px calc(var(--kit-widget-spacing, 0px) + 20px) 20px;padding:0px 0px 0px 5px;}\/* Start custom CSS for text-editor, class: .elementor-element-2232f61 *\/\/* 2. Your existing limit-text logic applied to the summary *\/\n.ev-limit-text {\n    display: -webkit-box !important;\n    -webkit-line-clamp: 3; \n    -webkit-box-orient: vertical;\n    overflow: hidden;\n    text-overflow: ellipsis;\n    list-style: none; \/* Removes default arrow in most browsers *\/\n}\n\n\/* Remove default arrow in Chrome\/Safari *\/\n.ev-limit-text::-webkit-details-marker {\n    display: none;\n}\/* End custom CSS *\/\n\/* Start custom CSS for heading, class: .elementor-element-4088020 *\/\/* The custom class for the button *\/\n.ev-btn-bottom {\n    margin-top: auto !important;\n}\/* End custom CSS *\/<\/style>\t\t<div data-elementor-type=\"loop-item\" data-elementor-id=\"1030\" class=\"elementor elementor-1030 e-loop-item e-loop-item-1029 post-1029 opportunites type-opportunites status-publish has-post-thumbnail hentry opportunites-catagries-appel-a-propositions\" data-elementor-post-type=\"elementor_library\" data-custom-edit-handle=\"1\">\n\t\t\t<div data-particle_enable=\"false\" data-particle-mobile-disabled=\"false\" class=\"elementor-element elementor-element-8e572af e-con-full e-transform e-flex e-con e-parent\" data-id=\"8e572af\" data-element_type=\"container\" data-e-type=\"container\" data-settings=\"{&quot;background_background&quot;:&quot;classic&quot;,&quot;_transform_translateX_effect_hover&quot;:{&quot;unit&quot;:&quot;px&quot;,&quot;size&quot;:0,&quot;sizes&quot;:[]},&quot;_transform_translateY_effect_hover&quot;:{&quot;unit&quot;:&quot;px&quot;,&quot;size&quot;:-4,&quot;sizes&quot;:[]},&quot;_transform_translateX_effect_hover_tablet&quot;:{&quot;unit&quot;:&quot;px&quot;,&quot;size&quot;:&quot;&quot;,&quot;sizes&quot;:[]},&quot;_transform_translateX_effect_hover_mobile&quot;:{&quot;unit&quot;:&quot;px&quot;,&quot;size&quot;:&quot;&quot;,&quot;sizes&quot;:[]},&quot;_transform_translateY_effect_hover_tablet&quot;:{&quot;unit&quot;:&quot;px&quot;,&quot;size&quot;:&quot;&quot;,&quot;sizes&quot;:[]},&quot;_transform_translateY_effect_hover_mobile&quot;:{&quot;unit&quot;:&quot;px&quot;,&quot;size&quot;:&quot;&quot;,&quot;sizes&quot;:[]}}\">\n\t\t\t\t<div class=\"elementor-element elementor-element-329f783 elementor-widget__width-inherit elementor-widget elementor-widget-image\" data-id=\"329f783\" data-element_type=\"widget\" data-e-type=\"widget\" data-widget_type=\"image.default\">\n\t\t\t\t\t\t\t\t\t\t\t\t\t\t\t<img fetchpriority=\"high\" decoding=\"async\" width=\"432\" height=\"554\" src=\"https:\/\/observatoire.sdesj.org\/wp-content\/uploads\/2026\/03\/consultations-jeunesse-2023-3-1.png\" class=\"attachment-large size-large wp-image-797\" alt=\"\" srcset=\"https:\/\/observatoire.sdesj.org\/wp-content\/uploads\/2026\/03\/consultations-jeunesse-2023-3-1.png 432w, https:\/\/observatoire.sdesj.org\/wp-content\/uploads\/2026\/03\/consultations-jeunesse-2023-3-1-234x300.png 234w\" sizes=\"(max-width: 432px) 100vw, 432px\" \/>\t\t\t\t\t\t\t\t\t\t\t\t\t\t\t<\/div>\n\t\t\t\t<div class=\"elementor-element elementor-element-3372b9e elementor-widget elementor-widget-theme-post-title elementor-page-title elementor-widget-heading\" data-id=\"3372b9e\" data-element_type=\"widget\" data-e-type=\"widget\" data-widget_type=\"theme-post-title.default\">\n\t\t\t\t\t<h2 class=\"elementor-heading-title elementor-size-default\">\u0152uvres pour la couverture d&rsquo;une publication sur la philanthropie test<\/h2>\t\t\t\t<\/div>\n\t\t\t\t<div class=\"elementor-element elementor-element-5caefff elementor-widget elementor-widget-text-editor\" data-id=\"5caefff\" data-element_type=\"widget\" data-e-type=\"widget\" data-widget_type=\"text-editor.default\">\n\t\t\t\t\t\t\t\t\t13\/03\/2026\t\t\t\t\t\t\t\t<\/div>\n\t\t\t\t<div class=\"elementor-element elementor-element-4088020 ev-btn-bottom elementor-widget elementor-widget-heading\" data-id=\"4088020\" data-element_type=\"widget\" data-e-type=\"widget\" data-widget_type=\"heading.default\">\n\t\t\t\t\t<h2 class=\"elementor-heading-title elementor-size-default\"><a href=\"https:\/\/observatoire.sdesj.org\/en\/opportunites\/oeuvres-pour-la-couverture-dune-publication-sur-la-philanthropie-test\/\">En savoir plus<\/a><\/h2>\t\t\t\t<\/div>\n\t\t\t\t<\/div>\n\t\t\t\t<\/div>\n\t\t\t\t<div data-elementor-type=\"loop-item\" data-elementor-id=\"1030\" class=\"elementor elementor-1030 e-loop-item e-loop-item-680 post-680 opportunites type-opportunites status-publish has-post-thumbnail hentry opportunites-catagries-appel-a-propositions\" data-elementor-post-type=\"elementor_library\" data-custom-edit-handle=\"1\">\n\t\t\t<div data-particle_enable=\"false\" data-particle-mobile-disabled=\"false\" class=\"elementor-element elementor-element-8e572af e-con-full e-transform e-flex e-con e-parent\" data-id=\"8e572af\" data-element_type=\"container\" data-e-type=\"container\" data-settings=\"{&quot;background_background&quot;:&quot;classic&quot;,&quot;_transform_translateX_effect_hover&quot;:{&quot;unit&quot;:&quot;px&quot;,&quot;size&quot;:0,&quot;sizes&quot;:[]},&quot;_transform_translateY_effect_hover&quot;:{&quot;unit&quot;:&quot;px&quot;,&quot;size&quot;:-4,&quot;sizes&quot;:[]},&quot;_transform_translateX_effect_hover_tablet&quot;:{&quot;unit&quot;:&quot;px&quot;,&quot;size&quot;:&quot;&quot;,&quot;sizes&quot;:[]},&quot;_transform_translateX_effect_hover_mobile&quot;:{&quot;unit&quot;:&quot;px&quot;,&quot;size&quot;:&quot;&quot;,&quot;sizes&quot;:[]},&quot;_transform_translateY_effect_hover_tablet&quot;:{&quot;unit&quot;:&quot;px&quot;,&quot;size&quot;:&quot;&quot;,&quot;sizes&quot;:[]},&quot;_transform_translateY_effect_hover_mobile&quot;:{&quot;unit&quot;:&quot;px&quot;,&quot;size&quot;:&quot;&quot;,&quot;sizes&quot;:[]}}\">\n\t\t\t\t<div class=\"elementor-element elementor-element-329f783 elementor-widget__width-inherit elementor-widget elementor-widget-image\" data-id=\"329f783\" data-element_type=\"widget\" data-e-type=\"widget\" data-widget_type=\"image.default\">\n\t\t\t\t\t\t\t\t\t\t\t\t\t\t\t<img decoding=\"async\" width=\"800\" height=\"600\" src=\"https:\/\/observatoire.sdesj.org\/wp-content\/uploads\/2026\/03\/ecbff113-c0a5-4f17-94e5-352fc3c92d0b-2-1024x768.png\" class=\"attachment-large size-large wp-image-354\" alt=\"\" srcset=\"https:\/\/observatoire.sdesj.org\/wp-content\/uploads\/2026\/03\/ecbff113-c0a5-4f17-94e5-352fc3c92d0b-2-1024x768.png 1024w, https:\/\/observatoire.sdesj.org\/wp-content\/uploads\/2026\/03\/ecbff113-c0a5-4f17-94e5-352fc3c92d0b-2-300x225.png 300w, https:\/\/observatoire.sdesj.org\/wp-content\/uploads\/2026\/03\/ecbff113-c0a5-4f17-94e5-352fc3c92d0b-2-768x576.png 768w, https:\/\/observatoire.sdesj.org\/wp-content\/uploads\/2026\/03\/ecbff113-c0a5-4f17-94e5-352fc3c92d0b-2.png 1050w\" sizes=\"(max-width: 800px) 100vw, 800px\" \/>\t\t\t\t\t\t\t\t\t\t\t\t\t\t\t<\/div>\n\t\t\t\t<div class=\"elementor-element elementor-element-3372b9e elementor-widget elementor-widget-theme-post-title elementor-page-title elementor-widget-heading\" data-id=\"3372b9e\" data-element_type=\"widget\" data-e-type=\"widget\" data-widget_type=\"theme-post-title.default\">\n\t\t\t\t\t<h2 class=\"elementor-heading-title elementor-size-default\">\u0152uvres pour la couverture d&rsquo;une publication sur la philanthropie<\/h2>\t\t\t\t<\/div>\n\t\t\t\t<div class=\"elementor-element elementor-element-5caefff elementor-widget elementor-widget-text-editor\" data-id=\"5caefff\" data-element_type=\"widget\" data-e-type=\"widget\" data-widget_type=\"text-editor.default\">\n\t\t\t\t\t\t\t\t\t13\/03\/2026\t\t\t\t\t\t\t\t<\/div>\n\t\t\t\t<div class=\"elementor-element elementor-element-4088020 ev-btn-bottom elementor-widget elementor-widget-heading\" data-id=\"4088020\" data-element_type=\"widget\" data-e-type=\"widget\" data-widget_type=\"heading.default\">\n\t\t\t\t\t<h2 class=\"elementor-heading-title elementor-size-default\"><a href=\"https:\/\/observatoire.sdesj.org\/en\/opportunites\/oeuvres-pour-la-couverture-dune-publication-sur-la-philanthropie\/\">En savoir plus<\/a><\/h2>\t\t\t\t<\/div>\n\t\t\t\t<\/div>\n\t\t\t\t<\/div>\n\t\t\t\t<\/div>\n\t\t\t\t\t<span class=\"e-load-more-spinner\">\n\t\t\t\t<svg aria-hidden=\"true\" class=\"e-font-icon-svg e-fas-spinner\" viewBox=\"0 0 512 512\" xmlns=\"http:\/\/www.w3.org\/2000\/svg\"><path d=\"M304 48c0 26.51-21.49 48-48 48s-48-21.49-48-48 21.49-48 48-48 48 21.49 48 48zm-48 368c-26.51 0-48 21.49-48 48s21.49 48 48 48 48-21.49 48-48-21.49-48-48-48zm208-208c-26.51 0-48 21.49-48 48s21.49 48 48 48 48-21.49 48-48-21.49-48-48-48zM96 256c0-26.51-21.49-48-48-48S0 229.49 0 256s21.49 48 48 48 48-21.49 48-48zm12.922 99.078c-26.51 0-48 21.49-48 48s21.49 48 48 48 48-21.49 48-48c0-26.509-21.491-48-48-48zm294.156 0c-26.51 0-48 21.49-48 48s21.49 48 48 48 48-21.49 48-48c0-26.509-21.49-48-48-48zM108.922 60.922c-26.51 0-48 21.49-48 48s21.49 48 48 48 48-21.49 48-48-21.491-48-48-48z\"><\/path><\/svg>\t\t\t<\/span>\n\t\t\n\t\t\t\t\t\t<\/div>\n\t\t\t\t<\/div>\n\t\t\t\t\t<\/div>\n\t\t\t\t<\/div>\n\t\t<div data-particle_enable=\"false\" data-particle-mobile-disabled=\"false\" class=\"elementor-element elementor-element-cfa7b6a e-flex e-con-boxed e-con e-parent\" data-id=\"cfa7b6a\" data-element_type=\"container\" data-e-type=\"container\">\n\t\t\t\t\t<div class=\"e-con-inner\">\n\t\t<div data-particle_enable=\"false\" data-particle-mobile-disabled=\"false\" class=\"elementor-element elementor-element-0c669b8 e-con-full e-flex e-con e-child\" data-id=\"0c669b8\" data-element_type=\"container\" data-e-type=\"container\" data-settings=\"{&quot;background_background&quot;:&quot;classic&quot;}\">\n\t\t\t\t<div class=\"elementor-element elementor-element-72e4d30 elementor-widget elementor-widget-heading\" data-id=\"72e4d30\" data-element_type=\"widget\" data-e-type=\"widget\" data-widget_type=\"heading.default\">\n\t\t\t\t\t<h2 class=\"elementor-heading-title elementor-size-default\">Vous avez des questions ?<\/h2>\t\t\t\t<\/div>\n\t\t\t\t<div class=\"elementor-element elementor-element-50463f1 elementor-widget elementor-widget-text-editor\" data-id=\"50463f1\" data-element_type=\"widget\" data-e-type=\"widget\" data-widget_type=\"text-editor.default\">\n\t\t\t\t\t\t\t\t\t<p class=\"text-gray-700 mb-4\">Pour toute question concernant cet appel \u00e0 propositions, n&rsquo;h\u00e9sitez pas \u00e0 nous contacter.<\/p>\t\t\t\t\t\t\t\t<\/div>\n\t\t\t\t<div class=\"elementor-element elementor-element-f1686aa elementor-icon-list--layout-traditional elementor-list-item-link-full_width elementor-widget elementor-widget-icon-list\" data-id=\"f1686aa\" data-element_type=\"widget\" data-e-type=\"widget\" data-widget_type=\"icon-list.default\">\n\t\t\t\t\t\t\t<ul class=\"elementor-icon-list-items\">\n\t\t\t\t\t\t\t<li class=\"elementor-icon-list-item\">\n\t\t\t\t\t\t\t\t\t\t\t<span class=\"elementor-icon-list-icon\">\n\t\t\t\t\t\t\t<svg aria-hidden=\"true\" class=\"e-font-icon-svg e-far-envelope\" viewBox=\"0 0 512 512\" xmlns=\"http:\/\/www.w3.org\/2000\/svg\"><path d=\"M464 64H48C21.49 64 0 85.49 0 112v288c0 26.51 21.49 48 48 48h416c26.51 0 48-21.49 48-48V112c0-26.51-21.49-48-48-48zm0 48v40.805c-22.422 18.259-58.168 46.651-134.587 106.49-16.841 13.247-50.201 45.072-73.413 44.701-23.208.375-56.579-31.459-73.413-44.701C106.18 199.465 70.425 171.067 48 152.805V112h416zM48 400V214.398c22.914 18.251 55.409 43.862 104.938 82.646 21.857 17.205 60.134 55.186 103.062 54.955 42.717.231 80.509-37.199 103.053-54.947 49.528-38.783 82.032-64.401 104.947-82.653V400H48z\"><\/path><\/svg>\t\t\t\t\t\t<\/span>\n\t\t\t\t\t\t\t\t\t\t<span class=\"elementor-icon-list-text\">philanthropie.recherche@sdesj.org<\/span>\n\t\t\t\t\t\t\t\t\t<\/li>\n\t\t\t\t\t\t<\/ul>\n\t\t\t\t\t\t<\/div>\n\t\t\t\t<\/div>\n\t\t\t\t\t<\/div>\n\t\t\t\t<\/div>\n\t\t\t\t<\/div>\n\t\t","protected":false},"excerpt":{"rendered":"<p>Appel ouvert Appel \u00e0 propositions L&rsquo;Observatoire des communaut\u00e9s noires du Qu\u00e9bec lance des appels \u00e0 propositions pour enrichir ses publications et projets de recherche Vous avez des questions ? Pour toute question concernant cet appel \u00e0 propositions, n&rsquo;h\u00e9sitez pas \u00e0 nous contacter. philanthropie.recherche@sdesj.org<\/p>","protected":false},"author":1,"featured_media":0,"parent":0,"menu_order":0,"comment_status":"closed","ping_status":"closed","template":"","meta":{"_acf_changed":false,"footnotes":""},"class_list":["post-94","page","type-page","status-publish","hentry"],"acf":[],"_links":{"self":[{"href":"https:\/\/observatoire.sdesj.org\/en\/wp-json\/wp\/v2\/pages\/94","targetHints":{"allow":["GET"]}}],"collection":[{"href":"https:\/\/observatoire.sdesj.org\/en\/wp-json\/wp\/v2\/pages"}],"about":[{"href":"https:\/\/observatoire.sdesj.org\/en\/wp-json\/wp\/v2\/types\/page"}],"author":[{"embeddable":true,"href":"https:\/\/observatoire.sdesj.org\/en\/wp-json\/wp\/v2\/users\/1"}],"replies":[{"embeddable":true,"href":"https:\/\/observatoire.sdesj.org\/en\/wp-json\/wp\/v2\/comments?post=94"}],"version-history":[{"count":64,"href":"https:\/\/observatoire.sdesj.org\/en\/wp-json\/wp\/v2\/pages\/94\/revisions"}],"predecessor-version":[{"id":2055,"href":"https:\/\/observatoire.sdesj.org\/en\/wp-json\/wp\/v2\/pages\/94\/revisions\/2055"}],"wp:attachment":[{"href":"https:\/\/observatoire.sdesj.org\/en\/wp-json\/wp\/v2\/media?parent=94"}],"curies":[{"name":"wp","href":"https:\/\/api.w.org\/{rel}","templated":true}]}}