{"id":38,"date":"2026-02-24T06:50:22","date_gmt":"2026-02-24T06:50:22","guid":{"rendered":"https:\/\/observatoire.sdesj.org\/?page_id=38"},"modified":"2026-04-01T08:10:59","modified_gmt":"2026-04-01T08:10:59","slug":"axes-strategiques","status":"publish","type":"page","link":"https:\/\/observatoire.sdesj.org\/en\/axes-strategiques\/","title":{"rendered":"Strategic directions"},"content":{"rendered":"<div data-elementor-type=\"wp-page\" data-elementor-id=\"38\" class=\"elementor elementor-38\" data-elementor-post-type=\"page\">\n\t\t\t\t<div data-particle_enable=\"false\" data-particle-mobile-disabled=\"false\" class=\"elementor-element elementor-element-1abf6fe e-flex e-con-boxed e-con e-parent\" data-id=\"1abf6fe\" data-element_type=\"container\" data-e-type=\"container\" data-settings=\"{&quot;background_background&quot;:&quot;classic&quot;}\">\n\t\t\t\t\t<div class=\"e-con-inner\">\n\t\t\t\t<div class=\"elementor-element elementor-element-5ff0a45 elementor-widget elementor-widget-heading\" data-id=\"5ff0a45\" data-element_type=\"widget\" data-e-type=\"widget\" data-widget_type=\"heading.default\">\n\t\t\t\t\t<h2 class=\"elementor-heading-title elementor-size-default\">Axes Strat\u00e9giques<\/h2>\t\t\t\t<\/div>\n\t\t\t\t<div class=\"elementor-element elementor-element-6340446 elementor-widget__width-initial elementor-widget elementor-widget-text-editor\" data-id=\"6340446\" data-element_type=\"widget\" data-e-type=\"widget\" data-widget_type=\"text-editor.default\">\n\t\t\t\t\t\t\t\t\t<section class=\"relative pt-32 pb-20 px-6 bg-gradient-to-b from-sdesj-light-blue\/10 to-white\"><div class=\"relative z-10 max-w-5xl mx-auto text-center\"><p class=\"text-xl text-sdesj-gray max-w-3xl mx-auto leading-relaxed\">L&rsquo;Observatoire des communaut\u00e9s noires du Qu\u00e9bec s&rsquo;articule autour de quatre axes strat\u00e9giques visant \u00e0 promouvoir la recherche, le partage des connaissances et l&rsquo;innovation.<\/p><\/div><\/section>\t\t\t\t\t\t\t\t<\/div>\n\t\t\t\t\t<\/div>\n\t\t\t\t<\/div>\n\t\t<div data-particle_enable=\"false\" data-particle-mobile-disabled=\"false\" class=\"elementor-element elementor-element-bda666e e-flex e-con-boxed e-con e-parent\" data-id=\"bda666e\" data-element_type=\"container\" data-e-type=\"container\">\n\t\t\t\t\t<div class=\"e-con-inner\">\n\t\t<div data-particle_enable=\"false\" data-particle-mobile-disabled=\"false\" class=\"elementor-element elementor-element-8a66a94 e-con-full e-flex e-con e-child\" data-id=\"8a66a94\" data-element_type=\"container\" data-e-type=\"container\">\n\t\t\t\t<div class=\"elementor-element elementor-element-5eaedac elementor-widget elementor-widget-heading\" data-id=\"5eaedac\" data-element_type=\"widget\" data-e-type=\"widget\" data-widget_type=\"heading.default\">\n\t\t\t\t\t<h2 class=\"elementor-heading-title elementor-size-default\">Mobilisation des connaissances<\/h2>\t\t\t\t<\/div>\n\t\t\t\t<div class=\"elementor-element elementor-element-c87ed45 elementor-widget elementor-widget-text-editor\" data-id=\"c87ed45\" data-element_type=\"widget\" data-e-type=\"widget\" data-widget_type=\"text-editor.default\">\n\t\t\t\t\t\t\t\t\t<div class=\"\"><p class=\"text-lg text-sdesj-gray leading-relaxed\">Favoriser des \u00e9changes entre acteurs de terrain et chercheur.se.s dans une optique de d\u00e9veloppement et de soutien \u00e0 des communaut\u00e9s de pratique.<\/p><\/div>\t\t\t\t\t\t\t\t<\/div>\n\t\t\t\t<div class=\"elementor-element elementor-element-f590d3c elementor-view-default elementor-widget elementor-widget-icon\" data-id=\"f590d3c\" data-element_type=\"widget\" data-e-type=\"widget\" data-widget_type=\"icon.default\">\n\t\t\t\t\t\t\t<div class=\"elementor-icon-wrapper\">\n\t\t\t<div class=\"elementor-icon\">\n\t\t\t<svg xmlns=\"http:\/\/www.w3.org\/2000\/svg\" width=\"256px\" height=\"256px\" viewbox=\"0 0 20.00 20.00\" fill=\"none\"><g id=\"SVGRepo_bgCarrier\" stroke-width=\"0\"><\/g><g id=\"SVGRepo_tracerCarrier\" stroke-linecap=\"round\" stroke-linejoin=\"round\" stroke=\"#CCCCCC\" stroke-width=\"0.2\"><\/g><g id=\"SVGRepo_iconCarrier\"><path d=\"M2 9.5C2 9.22386 2.22386 9 2.5 9H17.5C17.7761 9 18 9.22386 18 9.5C18 9.77614 17.7761 10 17.5 10H2.5C2.22386 10 2 9.77614 2 9.5Z\" fill=\"#e0bc1a\"><\/path><\/g><\/svg>\t\t\t<\/div>\n\t\t<\/div>\n\t\t\t\t\t\t<\/div>\n\t\t\t\t<\/div>\n\t\t<div data-particle_enable=\"false\" data-particle-mobile-disabled=\"false\" class=\"elementor-element elementor-element-f200fdd e-con-full e-flex e-con e-child\" data-id=\"f200fdd\" data-element_type=\"container\" data-e-type=\"container\">\n\t\t\t\t<div class=\"elementor-element elementor-element-4d5eb94 elementor-widget elementor-widget-image\" data-id=\"4d5eb94\" data-element_type=\"widget\" data-e-type=\"widget\" data-widget_type=\"image.default\">\n\t\t\t\t\t\t\t\t\t\t\t\t\t\t\t<img fetchpriority=\"high\" decoding=\"async\" width=\"800\" height=\"653\" src=\"https:\/\/observatoire.sdesj.org\/wp-content\/uploads\/2026\/03\/axes-mobilisation.png\" class=\"attachment-large size-large wp-image-209\" alt=\"\" \/>\t\t\t\t\t\t\t\t\t\t\t\t\t\t\t<\/div>\n\t\t\t\t<\/div>\n\t\t\t\t\t<\/div>\n\t\t\t\t<\/div>\n\t\t<div data-particle_enable=\"false\" data-particle-mobile-disabled=\"false\" class=\"elementor-element elementor-element-3db0c9f e-flex e-con-boxed e-con e-parent\" data-id=\"3db0c9f\" data-element_type=\"container\" data-e-type=\"container\">\n\t\t\t\t\t<div class=\"e-con-inner\">\n\t\t<div data-particle_enable=\"false\" data-particle-mobile-disabled=\"false\" class=\"elementor-element elementor-element-c76da9d e-con-full e-flex e-con e-child\" data-id=\"c76da9d\" data-element_type=\"container\" data-e-type=\"container\">\n\t\t\t\t<div class=\"elementor-element elementor-element-3e35816 elementor-widget elementor-widget-heading\" data-id=\"3e35816\" data-element_type=\"widget\" data-e-type=\"widget\" data-widget_type=\"heading.default\">\n\t\t\t\t\t<h2 class=\"elementor-heading-title elementor-size-default\">Vulgarisation scientifique et diffusion<\/h2>\t\t\t\t<\/div>\n\t\t\t\t<div class=\"elementor-element elementor-element-e68ed62 elementor-widget elementor-widget-text-editor\" data-id=\"e68ed62\" data-element_type=\"widget\" data-e-type=\"widget\" data-widget_type=\"text-editor.default\">\n\t\t\t\t\t\t\t\t\t<div class=\"\"><div class=\"md:col-start-2\"><p class=\"text-lg text-sdesj-gray leading-relaxed\">Favoriser l&rsquo;accessibilit\u00e9 des connaissances sur les communaut\u00e9s noires au sein de ces derni\u00e8res et dans l&rsquo;ensemble des populations qu\u00e9b\u00e9coise et canadienne.<\/p><\/div><\/div>\t\t\t\t\t\t\t\t<\/div>\n\t\t\t\t<div class=\"elementor-element elementor-element-67df4c2 elementor-view-default elementor-widget elementor-widget-icon\" data-id=\"67df4c2\" data-element_type=\"widget\" data-e-type=\"widget\" data-widget_type=\"icon.default\">\n\t\t\t\t\t\t\t<div class=\"elementor-icon-wrapper\">\n\t\t\t<div class=\"elementor-icon\">\n\t\t\t<svg xmlns=\"http:\/\/www.w3.org\/2000\/svg\" width=\"256px\" height=\"256px\" viewbox=\"0 0 20.00 20.00\" fill=\"none\"><g id=\"SVGRepo_bgCarrier\" stroke-width=\"0\"><\/g><g id=\"SVGRepo_tracerCarrier\" stroke-linecap=\"round\" stroke-linejoin=\"round\" stroke=\"#CCCCCC\" stroke-width=\"0.2\"><\/g><g id=\"SVGRepo_iconCarrier\"><path d=\"M2 9.5C2 9.22386 2.22386 9 2.5 9H17.5C17.7761 9 18 9.22386 18 9.5C18 9.77614 17.7761 10 17.5 10H2.5C2.22386 10 2 9.77614 2 9.5Z\" fill=\"#e0bc1a\"><\/path><\/g><\/svg>\t\t\t<\/div>\n\t\t<\/div>\n\t\t\t\t\t\t<\/div>\n\t\t\t\t<\/div>\n\t\t<div data-particle_enable=\"false\" data-particle-mobile-disabled=\"false\" class=\"elementor-element elementor-element-2f362f1 e-con-full e-flex e-con e-child\" data-id=\"2f362f1\" data-element_type=\"container\" data-e-type=\"container\">\n\t\t\t\t<div class=\"elementor-element elementor-element-1686b8a elementor-widget elementor-widget-image\" data-id=\"1686b8a\" data-element_type=\"widget\" data-e-type=\"widget\" data-widget_type=\"image.default\">\n\t\t\t\t\t\t\t\t\t\t\t\t\t\t\t<img decoding=\"async\" width=\"800\" height=\"653\" src=\"https:\/\/observatoire.sdesj.org\/wp-content\/uploads\/2026\/03\/axes-vulgarisation.png\" class=\"attachment-large size-large wp-image-211\" alt=\"\" \/>\t\t\t\t\t\t\t\t\t\t\t\t\t\t\t<\/div>\n\t\t\t\t<\/div>\n\t\t\t\t\t<\/div>\n\t\t\t\t<\/div>\n\t\t<div data-particle_enable=\"false\" data-particle-mobile-disabled=\"false\" class=\"elementor-element elementor-element-20b44ee e-flex e-con-boxed e-con e-parent\" data-id=\"20b44ee\" data-element_type=\"container\" data-e-type=\"container\">\n\t\t\t\t\t<div class=\"e-con-inner\">\n\t\t<div data-particle_enable=\"false\" data-particle-mobile-disabled=\"false\" class=\"elementor-element elementor-element-e732a38 e-con-full e-flex e-con e-child\" data-id=\"e732a38\" data-element_type=\"container\" data-e-type=\"container\">\n\t\t\t\t<div class=\"elementor-element elementor-element-ab7149d elementor-widget elementor-widget-heading\" data-id=\"ab7149d\" data-element_type=\"widget\" data-e-type=\"widget\" data-widget_type=\"heading.default\">\n\t\t\t\t\t<h2 class=\"elementor-heading-title elementor-size-default\">\u00c9ducation\/Formation<\/h2>\t\t\t\t<\/div>\n\t\t\t\t<div class=\"elementor-element elementor-element-94e03a0 elementor-widget elementor-widget-text-editor\" data-id=\"94e03a0\" data-element_type=\"widget\" data-e-type=\"widget\" data-widget_type=\"text-editor.default\">\n\t\t\t\t\t\t\t\t\t<div class=\"\"><p class=\"text-lg text-sdesj-gray leading-relaxed\">Promouvoir une culture scientifique au sein des communaut\u00e9s noires.<\/p><\/div>\t\t\t\t\t\t\t\t<\/div>\n\t\t\t\t<div class=\"elementor-element elementor-element-0a9cf34 elementor-view-default elementor-widget elementor-widget-icon\" data-id=\"0a9cf34\" data-element_type=\"widget\" data-e-type=\"widget\" data-widget_type=\"icon.default\">\n\t\t\t\t\t\t\t<div class=\"elementor-icon-wrapper\">\n\t\t\t<div class=\"elementor-icon\">\n\t\t\t<svg xmlns=\"http:\/\/www.w3.org\/2000\/svg\" width=\"256px\" height=\"256px\" viewbox=\"0 0 20.00 20.00\" fill=\"none\"><g id=\"SVGRepo_bgCarrier\" stroke-width=\"0\"><\/g><g id=\"SVGRepo_tracerCarrier\" stroke-linecap=\"round\" stroke-linejoin=\"round\" stroke=\"#CCCCCC\" stroke-width=\"0.2\"><\/g><g id=\"SVGRepo_iconCarrier\"><path d=\"M2 9.5C2 9.22386 2.22386 9 2.5 9H17.5C17.7761 9 18 9.22386 18 9.5C18 9.77614 17.7761 10 17.5 10H2.5C2.22386 10 2 9.77614 2 9.5Z\" fill=\"#e0bc1a\"><\/path><\/g><\/svg>\t\t\t<\/div>\n\t\t<\/div>\n\t\t\t\t\t\t<\/div>\n\t\t\t\t<\/div>\n\t\t<div data-particle_enable=\"false\" data-particle-mobile-disabled=\"false\" class=\"elementor-element elementor-element-01d14b7 e-con-full e-flex e-con e-child\" data-id=\"01d14b7\" data-element_type=\"container\" data-e-type=\"container\">\n\t\t\t\t<div class=\"elementor-element elementor-element-4a2c023 elementor-widget elementor-widget-image\" data-id=\"4a2c023\" data-element_type=\"widget\" data-e-type=\"widget\" data-widget_type=\"image.default\">\n\t\t\t\t\t\t\t\t\t\t\t\t\t\t\t<img decoding=\"async\" width=\"800\" height=\"677\" src=\"https:\/\/observatoire.sdesj.org\/wp-content\/uploads\/2026\/03\/axes-education.png\" class=\"attachment-large size-large wp-image-212\" alt=\"\" \/>\t\t\t\t\t\t\t\t\t\t\t\t\t\t\t<\/div>\n\t\t\t\t<\/div>\n\t\t\t\t\t<\/div>\n\t\t\t\t<\/div>\n\t\t<div data-particle_enable=\"false\" data-particle-mobile-disabled=\"false\" class=\"elementor-element elementor-element-0d0f5a4 e-flex e-con-boxed e-con e-parent\" data-id=\"0d0f5a4\" data-element_type=\"container\" data-e-type=\"container\">\n\t\t\t\t\t<div class=\"e-con-inner\">\n\t\t<div data-particle_enable=\"false\" data-particle-mobile-disabled=\"false\" class=\"elementor-element elementor-element-12ebbf3 e-con-full e-flex e-con e-child\" data-id=\"12ebbf3\" data-element_type=\"container\" data-e-type=\"container\">\n\t\t\t\t<div class=\"elementor-element elementor-element-111c6c3 elementor-widget elementor-widget-heading\" data-id=\"111c6c3\" data-element_type=\"widget\" data-e-type=\"widget\" data-widget_type=\"heading.default\">\n\t\t\t\t\t<h2 class=\"elementor-heading-title elementor-size-default\">Exp\u00e9rimentation<\/h2>\t\t\t\t<\/div>\n\t\t\t\t<div class=\"elementor-element elementor-element-c1b1c08 elementor-widget elementor-widget-text-editor\" data-id=\"c1b1c08\" data-element_type=\"widget\" data-e-type=\"widget\" data-widget_type=\"text-editor.default\">\n\t\t\t\t\t\t\t\t\t<div class=\"\"><div class=\"md:col-start-2\"><div class=\"md:col-start-2\"><p class=\"text-lg text-sdesj-gray leading-relaxed\">Soutenir l&rsquo;innovation dans les interventions aupr\u00e8s des communaut\u00e9s noires et assurer l&rsquo;\u00e9valuation des programmes et initiatives de l&rsquo;Observatoire.<\/p><\/div><\/div><\/div>\t\t\t\t\t\t\t\t<\/div>\n\t\t\t\t<div class=\"elementor-element elementor-element-32a66c3 elementor-view-default elementor-widget elementor-widget-icon\" data-id=\"32a66c3\" data-element_type=\"widget\" data-e-type=\"widget\" data-widget_type=\"icon.default\">\n\t\t\t\t\t\t\t<div class=\"elementor-icon-wrapper\">\n\t\t\t<div class=\"elementor-icon\">\n\t\t\t<svg xmlns=\"http:\/\/www.w3.org\/2000\/svg\" width=\"256px\" height=\"256px\" viewbox=\"0 0 20.00 20.00\" fill=\"none\"><g id=\"SVGRepo_bgCarrier\" stroke-width=\"0\"><\/g><g id=\"SVGRepo_tracerCarrier\" stroke-linecap=\"round\" stroke-linejoin=\"round\" stroke=\"#CCCCCC\" stroke-width=\"0.2\"><\/g><g id=\"SVGRepo_iconCarrier\"><path d=\"M2 9.5C2 9.22386 2.22386 9 2.5 9H17.5C17.7761 9 18 9.22386 18 9.5C18 9.77614 17.7761 10 17.5 10H2.5C2.22386 10 2 9.77614 2 9.5Z\" fill=\"#e0bc1a\"><\/path><\/g><\/svg>\t\t\t<\/div>\n\t\t<\/div>\n\t\t\t\t\t\t<\/div>\n\t\t\t\t<\/div>\n\t\t<div data-particle_enable=\"false\" data-particle-mobile-disabled=\"false\" class=\"elementor-element elementor-element-6d42957 e-con-full e-flex e-con e-child\" data-id=\"6d42957\" data-element_type=\"container\" data-e-type=\"container\">\n\t\t\t\t<div class=\"elementor-element elementor-element-84d1e64 elementor-widget elementor-widget-image\" data-id=\"84d1e64\" data-element_type=\"widget\" data-e-type=\"widget\" data-widget_type=\"image.default\">\n\t\t\t\t\t\t\t\t\t\t\t\t\t\t\t<img loading=\"lazy\" decoding=\"async\" width=\"800\" height=\"677\" src=\"https:\/\/observatoire.sdesj.org\/wp-content\/uploads\/2026\/03\/axes-experimentation.png\" class=\"attachment-large size-large wp-image-213\" alt=\"\" \/>\t\t\t\t\t\t\t\t\t\t\t\t\t\t\t<\/div>\n\t\t\t\t<\/div>\n\t\t\t\t\t<\/div>\n\t\t\t\t<\/div>\n\t\t<div data-particle_enable=\"false\" data-particle-mobile-disabled=\"false\" class=\"elementor-element elementor-element-3144aa6 e-flex e-con-boxed e-con e-parent\" data-id=\"3144aa6\" data-element_type=\"container\" data-e-type=\"container\" data-settings=\"{&quot;background_background&quot;:&quot;gradient&quot;}\">\n\t\t\t\t\t<div class=\"e-con-inner\">\n\t\t\t\t<div class=\"elementor-element elementor-element-9034a35 elementor-widget__width-initial elementor-widget elementor-widget-heading\" data-id=\"9034a35\" data-element_type=\"widget\" data-e-type=\"widget\" data-widget_type=\"heading.default\">\n\t\t\t\t\t<h2 class=\"elementor-heading-title elementor-size-default\">Discover our research work<\/h2>\t\t\t\t<\/div>\n\t\t\t\t<div class=\"elementor-element elementor-element-906365d elementor-widget elementor-widget-text-editor\" data-id=\"906365d\" data-element_type=\"widget\" data-e-type=\"widget\" data-widget_type=\"text-editor.default\">\n\t\t\t\t\t\t\t\t\t<p>Explore our publications, studies and reports to better understand the realities of Black communities in Quebec.<\/p>\t\t\t\t\t\t\t\t<\/div>\n\t\t<div data-particle_enable=\"false\" data-particle-mobile-disabled=\"false\" class=\"elementor-element elementor-element-7b870cf e-grid e-con-full e-con e-child\" data-id=\"7b870cf\" data-element_type=\"container\" data-e-type=\"container\">\n\t\t\t\t<div class=\"elementor-element elementor-element-5a6c426 elementor-align-right elementor-mobile-align-center elementor-widget elementor-widget-button\" data-id=\"5a6c426\" data-element_type=\"widget\" data-e-type=\"widget\" data-widget_type=\"button.default\">\n\t\t\t\t\t\t\t\t\t\t<a class=\"elementor-button elementor-button-link elementor-size-sm\" href=\"http:\/\/observatoire.sdesj.org\/en\/groupes-de-recherche\/\">\n\t\t\t\t\t\t<span class=\"elementor-button-content-wrapper\">\n\t\t\t\t\t\t\t\t\t<span class=\"elementor-button-text\">See our publications<\/span>\n\t\t\t\t\t<\/span>\n\t\t\t\t\t<\/a>\n\t\t\t\t\t\t\t\t<\/div>\n\t\t\t\t<div class=\"elementor-element elementor-element-09d9522 elementor-mobile-align-center elementor-widget elementor-widget-button\" data-id=\"09d9522\" data-element_type=\"widget\" data-e-type=\"widget\" data-widget_type=\"button.default\">\n\t\t\t\t\t\t\t\t\t\t<a class=\"elementor-button elementor-button-link elementor-size-sm\" href=\"https:\/\/observatoire.sdesj.org\/en\/nous-joindre\/\">\n\t\t\t\t\t\t<span class=\"elementor-button-content-wrapper\">\n\t\t\t\t\t\t\t\t\t<span class=\"elementor-button-text\">Back to the Observatory<\/span>\n\t\t\t\t\t<\/span>\n\t\t\t\t\t<\/a>\n\t\t\t\t\t\t\t\t<\/div>\n\t\t\t\t<\/div>\n\t\t\t\t\t<\/div>\n\t\t\t\t<\/div>\n\t\t\t\t<\/div>","protected":false},"excerpt":{"rendered":"<p>Axes Strat\u00e9giques L&rsquo;Observatoire des communaut\u00e9s noires du Qu\u00e9bec s&rsquo;articule autour de quatre axes strat\u00e9giques visant \u00e0 promouvoir la recherche, le partage des connaissances et l&rsquo;innovation. Mobilisation des connaissances Favoriser des \u00e9changes entre acteurs de terrain et chercheur.se.s dans une optique de d\u00e9veloppement et de soutien \u00e0 des communaut\u00e9s de pratique. Vulgarisation scientifique et diffusion Favoriser [&hellip;]<\/p>\n","protected":false},"author":1,"featured_media":0,"parent":0,"menu_order":0,"comment_status":"closed","ping_status":"closed","template":"","meta":{"_acf_changed":false,"footnotes":""},"class_list":["post-38","page","type-page","status-publish","hentry"],"acf":[],"_links":{"self":[{"href":"https:\/\/observatoire.sdesj.org\/en\/wp-json\/wp\/v2\/pages\/38","targetHints":{"allow":["GET"]}}],"collection":[{"href":"https:\/\/observatoire.sdesj.org\/en\/wp-json\/wp\/v2\/pages"}],"about":[{"href":"https:\/\/observatoire.sdesj.org\/en\/wp-json\/wp\/v2\/types\/page"}],"author":[{"embeddable":true,"href":"https:\/\/observatoire.sdesj.org\/en\/wp-json\/wp\/v2\/users\/1"}],"replies":[{"embeddable":true,"href":"https:\/\/observatoire.sdesj.org\/en\/wp-json\/wp\/v2\/comments?post=38"}],"version-history":[{"count":25,"href":"https:\/\/observatoire.sdesj.org\/en\/wp-json\/wp\/v2\/pages\/38\/revisions"}],"predecessor-version":[{"id":1992,"href":"https:\/\/observatoire.sdesj.org\/en\/wp-json\/wp\/v2\/pages\/38\/revisions\/1992"}],"wp:attachment":[{"href":"https:\/\/observatoire.sdesj.org\/en\/wp-json\/wp\/v2\/media?parent=38"}],"curies":[{"name":"wp","href":"https:\/\/api.w.org\/{rel}","templated":true}]}}