{"id":36,"date":"2026-02-24T06:46:21","date_gmt":"2026-02-24T06:46:21","guid":{"rendered":"https:\/\/observatoire.sdesj.org\/?page_id=36"},"modified":"2026-04-30T16:19:47","modified_gmt":"2026-04-30T16:19:47","slug":"vision","status":"publish","type":"page","link":"https:\/\/observatoire.sdesj.org\/en\/vision\/","title":{"rendered":"Vision"},"content":{"rendered":"<div data-elementor-type=\"wp-page\" data-elementor-id=\"36\" class=\"elementor elementor-36\" data-elementor-post-type=\"page\">\n\t\t\t\t<div data-particle_enable=\"false\" data-particle-mobile-disabled=\"false\" class=\"elementor-element elementor-element-1f7f4be e-flex e-con-boxed e-con e-parent\" data-id=\"1f7f4be\" data-element_type=\"container\" data-e-type=\"container\">\n\t\t\t\t\t<div class=\"e-con-inner\">\n\t\t<div data-particle_enable=\"false\" data-particle-mobile-disabled=\"false\" class=\"elementor-element elementor-element-f8680ff e-con-full e-flex e-con e-child\" data-id=\"f8680ff\" data-element_type=\"container\" data-e-type=\"container\" data-settings=\"{&quot;background_background&quot;:&quot;classic&quot;}\">\n\t\t\t\t<div class=\"elementor-element elementor-element-439428e elementor-widget-divider--view-line elementor-widget elementor-widget-divider\" data-id=\"439428e\" data-element_type=\"widget\" data-e-type=\"widget\" data-widget_type=\"divider.default\">\n\t\t\t\t\t\t\t<div class=\"elementor-divider\">\n\t\t\t<span class=\"elementor-divider-separator\">\n\t\t\t\t\t\t<\/span>\n\t\t<\/div>\n\t\t\t\t\t\t<\/div>\n\t\t\t\t<div class=\"elementor-element elementor-element-b5b0ada elementor-widget elementor-widget-heading\" data-id=\"b5b0ada\" data-element_type=\"widget\" data-e-type=\"widget\" data-widget_type=\"heading.default\">\n\t\t\t\t\t<h2 class=\"elementor-heading-title elementor-size-default\">Mission<\/h2>\t\t\t\t<\/div>\n\t\t\t\t<div class=\"elementor-element elementor-element-35affd8 elementor-widget__width-initial elementor-widget elementor-widget-text-editor\" data-id=\"35affd8\" data-element_type=\"widget\" data-e-type=\"widget\" data-widget_type=\"text-editor.default\">\n\t\t\t\t\t\t\t\t\t<p class=\"text-sdesj-gray leading-relaxed mb-4 transition-all duration-300 group-hover:translate-x-1\">L&rsquo;Observatoire s&rsquo;engage \u00e0 g\u00e9n\u00e9rer et partager des connaissances sur les r\u00e9alit\u00e9s v\u00e9cues par les communaut\u00e9s noires qu\u00e9b\u00e9coises, avec un accent particulier sur la jeunesse, dans un objectif de promotion du d\u00e9veloppement socio-\u00e9conomique. L&rsquo;organisme privil\u00e9gie une approche de recherche participative.<\/p>\t\t\t\t\t\t\t\t<\/div>\n\t\t\t\t<div class=\"elementor-element elementor-element-4efecbe elementor-widget__width-initial elementor-widget elementor-widget-text-editor\" data-id=\"4efecbe\" data-element_type=\"widget\" data-e-type=\"widget\" data-widget_type=\"text-editor.default\">\n\t\t\t\t\t\t\t\t\t<div class=\"rounded-lg bg-card text-card-foreground relative overflow-hidden bg-gradient-to-br from-sdesj-blue\/5 to-sdesj-light-blue\/10 border-0 shadow-lg hover:shadow-xl transition-all duration-500 group\"><div class=\"relative p-8 md:p-12\"><div class=\"space-y-6\"><div class=\"prose prose-lg max-w-none\"><p class=\"text-sdesj-gray leading-relaxed mb-4 transition-all duration-300 group-hover:translate-x-1\">L&rsquo;objectif central consiste \u00e0 documenter et examiner les conditions de vie des communaut\u00e9s noires, notamment des jeunes, sous l&rsquo;angle du d\u00e9veloppement socio-\u00e9conomique.<\/p><\/div><\/div><\/div><\/div>\t\t\t\t\t\t\t\t<\/div>\n\t\t\t\t<\/div>\n\t\t<div data-particle_enable=\"false\" data-particle-mobile-disabled=\"false\" class=\"elementor-element elementor-element-f07890a e-con-full e-flex e-con e-child\" data-id=\"f07890a\" data-element_type=\"container\" data-e-type=\"container\" data-settings=\"{&quot;background_background&quot;:&quot;classic&quot;}\">\n\t\t\t\t<div class=\"elementor-element elementor-element-6953e15 elementor-widget-divider--view-line elementor-widget elementor-widget-divider\" data-id=\"6953e15\" data-element_type=\"widget\" data-e-type=\"widget\" data-widget_type=\"divider.default\">\n\t\t\t\t\t\t\t<div class=\"elementor-divider\">\n\t\t\t<span class=\"elementor-divider-separator\">\n\t\t\t\t\t\t<\/span>\n\t\t<\/div>\n\t\t\t\t\t\t<\/div>\n\t\t\t\t<div class=\"elementor-element elementor-element-2c0ff46 elementor-widget elementor-widget-heading\" data-id=\"2c0ff46\" data-element_type=\"widget\" data-e-type=\"widget\" data-widget_type=\"heading.default\">\n\t\t\t\t\t<h2 class=\"elementor-heading-title elementor-size-default\">Vision<\/h2>\t\t\t\t<\/div>\n\t\t\t\t<div class=\"elementor-element elementor-element-ebe91c4 elementor-widget__width-initial elementor-widget elementor-widget-text-editor\" data-id=\"ebe91c4\" data-element_type=\"widget\" data-e-type=\"widget\" data-widget_type=\"text-editor.default\">\n\t\t\t\t\t\t\t\t\t<div class=\"rounded-lg bg-card text-card-foreground relative overflow-hidden bg-gradient-to-br from-sdesj-green\/5 to-green-100\/50 border-0 shadow-lg hover:shadow-xl transition-all duration-500 group\"><div class=\"relative p-8 md:p-12\"><div class=\"space-y-6\"><div class=\"prose prose-lg max-w-none\"><p class=\"text-sdesj-gray leading-relaxed mb-4 transition-all duration-300 group-hover:translate-x-1\">\u00catre reconnu comme un agent de changement social et syst\u00e9mique par la cr\u00e9ation de r\u00e9seaux de pratiques professionnelles et la g\u00e9n\u00e9ration de savoirs sp\u00e9cialis\u00e9s.<\/p><\/div><\/div><\/div><\/div>\t\t\t\t\t\t\t\t<\/div>\n\t\t\t\t<\/div>\n\t\t<div data-particle_enable=\"false\" data-particle-mobile-disabled=\"false\" class=\"elementor-element elementor-element-5f9fb27 e-con-full e-flex e-con e-child\" data-id=\"5f9fb27\" data-element_type=\"container\" data-e-type=\"container\" data-settings=\"{&quot;background_background&quot;:&quot;classic&quot;}\">\n\t\t\t\t<div class=\"elementor-element elementor-element-df7ed61 elementor-widget-divider--view-line elementor-widget elementor-widget-divider\" data-id=\"df7ed61\" data-element_type=\"widget\" data-e-type=\"widget\" data-widget_type=\"divider.default\">\n\t\t\t\t\t\t\t<div class=\"elementor-divider\">\n\t\t\t<span class=\"elementor-divider-separator\">\n\t\t\t\t\t\t<\/span>\n\t\t<\/div>\n\t\t\t\t\t\t<\/div>\n\t\t\t\t<div class=\"elementor-element elementor-element-2cfde02 elementor-widget elementor-widget-heading\" data-id=\"2cfde02\" data-element_type=\"widget\" data-e-type=\"widget\" data-widget_type=\"heading.default\">\n\t\t\t\t\t<h2 class=\"elementor-heading-title elementor-size-default\">Approche m\u00e9thodologique\n<\/h2>\t\t\t\t<\/div>\n\t\t\t\t<div class=\"elementor-element elementor-element-8b94587 elementor-widget__width-initial elementor-widget elementor-widget-text-editor\" data-id=\"8b94587\" data-element_type=\"widget\" data-e-type=\"widget\" data-widget_type=\"text-editor.default\">\n\t\t\t\t\t\t\t\t\t<div class=\"rounded-lg bg-card text-card-foreground relative overflow-hidden bg-gradient-to-br from-sdesj-green\/5 to-green-100\/50 border-0 shadow-lg hover:shadow-xl transition-all duration-500 group\"><div class=\"relative p-8 md:p-12\"><div class=\"space-y-6\"><div class=\"prose prose-lg max-w-none\"><section class=\"py-20 bg-white\"><div class=\"max-w-6xl mx-auto px-6\"><div class=\"space-y-16\"><div class=\"rounded-lg bg-card text-card-foreground relative overflow-hidden bg-gradient-to-br from-sdesj-red\/5 to-red-100\/50 border-0 shadow-lg hover:shadow-xl transition-all duration-500 group\"><div class=\"relative p-8 md:p-12\"><div class=\"space-y-6\"><div class=\"prose prose-lg max-w-none\"><p class=\"text-sdesj-gray leading-relaxed mb-4 transition-all duration-300 group-hover:translate-x-1\">Les priorit\u00e9s strat\u00e9giques de l&rsquo;Observatoire s&rsquo;alignent sur celles du Sommet Jeunes Afro, d\u00e9finies par le conseil d&rsquo;administration. Les domaines de recherche prioritaires \u00e9mergent des axes d&rsquo;intervention de l&rsquo;organisation, \u00e9tablis par les membres lors de la rencontre annuelle de janvier. Outre l&rsquo;axe transversal \u00ab\u00a0jeunesse\u00a0\u00bb, les th\u00e8mes centraux de l&rsquo;axe socio-\u00e9conomique comprennent : la culture, la sant\u00e9, l&rsquo;\u00e9ducation, l&rsquo;\u00e9conomie et la justice.<\/p><\/div><\/div><\/div><\/div><\/div><\/div><\/section><section class=\"py-20 bg-gradient-to-br from-sdesj-blue to-sdesj-light-blue relative overflow-hidden\"><\/section><\/div><\/div><\/div><\/div>\t\t\t\t\t\t\t\t<\/div>\n\t\t\t\t<\/div>\n\t\t\t\t\t<\/div>\n\t\t\t\t<\/div>\n\t\t<div data-particle_enable=\"false\" data-particle-mobile-disabled=\"false\" class=\"elementor-element elementor-element-e95160b e-flex e-con-boxed e-con e-parent\" data-id=\"e95160b\" data-element_type=\"container\" data-e-type=\"container\" data-settings=\"{&quot;background_background&quot;:&quot;gradient&quot;}\">\n\t\t\t\t\t<div class=\"e-con-inner\">\n\t\t\t\t<div class=\"elementor-element elementor-element-629c31f elementor-widget elementor-widget-heading\" data-id=\"629c31f\" data-element_type=\"widget\" data-e-type=\"widget\" data-widget_type=\"heading.default\">\n\t\t\t\t\t<h2 class=\"elementor-heading-title elementor-size-default\">Join our mission<\/h2>\t\t\t\t<\/div>\n\t\t\t\t<div class=\"elementor-element elementor-element-6f40ce2 elementor-widget elementor-widget-text-editor\" data-id=\"6f40ce2\" data-element_type=\"widget\" data-e-type=\"widget\" data-widget_type=\"text-editor.default\">\n\t\t\t\t\t\t\t\t\t<p>Participez \u00e0 la construction d&rsquo;un avenir meilleur pour les communaut\u00e9s noires du Qu\u00e9bec.<\/p>\t\t\t\t\t\t\t\t<\/div>\n\t\t<div data-particle_enable=\"false\" data-particle-mobile-disabled=\"false\" class=\"elementor-element elementor-element-17e2bcd e-grid e-con-full e-con e-child\" data-id=\"17e2bcd\" data-element_type=\"container\" data-e-type=\"container\">\n\t\t\t\t<div class=\"elementor-element elementor-element-293d718 elementor-align-right elementor-mobile-align-center elementor-widget elementor-widget-button\" data-id=\"293d718\" data-element_type=\"widget\" data-e-type=\"widget\" data-widget_type=\"button.default\">\n\t\t\t\t\t\t\t\t\t\t<a class=\"elementor-button elementor-button-link elementor-size-sm\" href=\"http:\/\/observatoire.sdesj.org\/en\/groupes-de-recherche\/\">\n\t\t\t\t\t\t<span class=\"elementor-button-content-wrapper\">\n\t\t\t\t\t\t\t\t\t<span class=\"elementor-button-text\">D\u00e9couvrir nos recherches<\/span>\n\t\t\t\t\t<\/span>\n\t\t\t\t\t<\/a>\n\t\t\t\t\t\t\t\t<\/div>\n\t\t\t\t<div class=\"elementor-element elementor-element-1d186cc elementor-mobile-align-center elementor-widget elementor-widget-button\" data-id=\"1d186cc\" data-element_type=\"widget\" data-e-type=\"widget\" data-widget_type=\"button.default\">\n\t\t\t\t\t\t\t\t\t\t<a class=\"elementor-button elementor-button-link elementor-size-sm\" href=\"https:\/\/observatoire.sdesj.org\/en\/nous-joindre\/\">\n\t\t\t\t\t\t<span class=\"elementor-button-content-wrapper\">\n\t\t\t\t\t\t\t\t\t<span class=\"elementor-button-text\">Nous contacter<\/span>\n\t\t\t\t\t<\/span>\n\t\t\t\t\t<\/a>\n\t\t\t\t\t\t\t\t<\/div>\n\t\t\t\t<\/div>\n\t\t\t\t\t<\/div>\n\t\t\t\t<\/div>\n\t\t\t\t<\/div>","protected":false},"excerpt":{"rendered":"<p>Mission L&rsquo;Observatoire s&rsquo;engage \u00e0 g\u00e9n\u00e9rer et partager des connaissances sur les r\u00e9alit\u00e9s v\u00e9cues par les communaut\u00e9s noires qu\u00e9b\u00e9coises, avec un accent particulier sur la jeunesse, dans un objectif de promotion du d\u00e9veloppement socio-\u00e9conomique. L&rsquo;organisme privil\u00e9gie une approche de recherche participative. L&rsquo;objectif central consiste \u00e0 documenter et examiner les conditions de vie des communaut\u00e9s noires, notamment [&hellip;]<\/p>\n","protected":false},"author":1,"featured_media":0,"parent":0,"menu_order":0,"comment_status":"closed","ping_status":"closed","template":"elementor_header_footer","meta":{"_acf_changed":false,"footnotes":""},"class_list":["post-36","page","type-page","status-publish","hentry"],"acf":[],"_links":{"self":[{"href":"https:\/\/observatoire.sdesj.org\/en\/wp-json\/wp\/v2\/pages\/36","targetHints":{"allow":["GET"]}}],"collection":[{"href":"https:\/\/observatoire.sdesj.org\/en\/wp-json\/wp\/v2\/pages"}],"about":[{"href":"https:\/\/observatoire.sdesj.org\/en\/wp-json\/wp\/v2\/types\/page"}],"author":[{"embeddable":true,"href":"https:\/\/observatoire.sdesj.org\/en\/wp-json\/wp\/v2\/users\/1"}],"replies":[{"embeddable":true,"href":"https:\/\/observatoire.sdesj.org\/en\/wp-json\/wp\/v2\/comments?post=36"}],"version-history":[{"count":49,"href":"https:\/\/observatoire.sdesj.org\/en\/wp-json\/wp\/v2\/pages\/36\/revisions"}],"predecessor-version":[{"id":2398,"href":"https:\/\/observatoire.sdesj.org\/en\/wp-json\/wp\/v2\/pages\/36\/revisions\/2398"}],"wp:attachment":[{"href":"https:\/\/observatoire.sdesj.org\/en\/wp-json\/wp\/v2\/media?parent=36"}],"curies":[{"name":"wp","href":"https:\/\/api.w.org\/{rel}","templated":true}]}}