{"id":1806,"date":"2026-03-30T15:53:46","date_gmt":"2026-03-30T15:53:46","guid":{"rendered":"https:\/\/observatoire.sdesj.org\/?page_id=1806"},"modified":"2026-04-01T08:51:05","modified_gmt":"2026-04-01T08:51:05","slug":"tableau-de-bord-les-noir-e-s-dans-les-organismes-publics-du-quebec","status":"publish","type":"page","link":"https:\/\/observatoire.sdesj.org\/en\/tableau-de-bord-les-noir-e-s-dans-les-organismes-publics-du-quebec\/","title":{"rendered":"Dashboard \u2013 Black people in Quebec public bodies"},"content":{"rendered":"<div data-elementor-type=\"wp-page\" data-elementor-id=\"1806\" class=\"elementor elementor-1806\" data-elementor-post-type=\"page\">\n\t\t\t\t<div data-particle_enable=\"false\" data-particle-mobile-disabled=\"false\" class=\"elementor-element elementor-element-905f2a0 e-flex e-con-boxed e-con e-parent\" data-id=\"905f2a0\" data-element_type=\"container\" data-e-type=\"container\" data-settings=\"{&quot;background_background&quot;:&quot;classic&quot;}\">\n\t\t\t\t\t<div class=\"e-con-inner\">\n\t\t<div data-particle_enable=\"false\" data-particle-mobile-disabled=\"false\" class=\"elementor-element elementor-element-27326f9 e-con-full e-flex e-con e-child\" data-id=\"27326f9\" data-element_type=\"container\" data-e-type=\"container\">\n\t\t\t\t<div class=\"elementor-element elementor-element-f8fccaa elementor-widget elementor-widget-heading\" data-id=\"f8fccaa\" data-element_type=\"widget\" data-e-type=\"widget\" data-widget_type=\"heading.default\">\n\t\t\t\t\t<h2 class=\"elementor-heading-title elementor-size-default\">Repr\u00e9sentation des Noir.e.s dans les organismes publics\n<\/h2>\t\t\t\t<\/div>\n\t\t\t\t<\/div>\n\t\t\t\t\t<\/div>\n\t\t\t\t<\/div>\n\t\t<div data-particle_enable=\"false\" data-particle-mobile-disabled=\"false\" class=\"elementor-element elementor-element-4adc30e e-flex e-con-boxed e-con e-parent\" data-id=\"4adc30e\" data-element_type=\"container\" data-e-type=\"container\">\n\t\t\t\t\t<div class=\"e-con-inner\">\n\t\t<div data-particle_enable=\"false\" data-particle-mobile-disabled=\"false\" class=\"elementor-element elementor-element-d404e8a e-con-full e-transform e-flex e-con e-child\" data-id=\"d404e8a\" data-element_type=\"container\" data-e-type=\"container\" data-settings=\"{&quot;background_background&quot;:&quot;classic&quot;,&quot;_transform_translateX_effect_hover&quot;:{&quot;unit&quot;:&quot;px&quot;,&quot;size&quot;:0,&quot;sizes&quot;:[]},&quot;_transform_translateY_effect_hover&quot;:{&quot;unit&quot;:&quot;px&quot;,&quot;size&quot;:-4,&quot;sizes&quot;:[]},&quot;_transform_translateX_effect_hover_tablet&quot;:{&quot;unit&quot;:&quot;px&quot;,&quot;size&quot;:&quot;&quot;,&quot;sizes&quot;:[]},&quot;_transform_translateX_effect_hover_mobile&quot;:{&quot;unit&quot;:&quot;px&quot;,&quot;size&quot;:&quot;&quot;,&quot;sizes&quot;:[]},&quot;_transform_translateY_effect_hover_tablet&quot;:{&quot;unit&quot;:&quot;px&quot;,&quot;size&quot;:&quot;&quot;,&quot;sizes&quot;:[]},&quot;_transform_translateY_effect_hover_mobile&quot;:{&quot;unit&quot;:&quot;px&quot;,&quot;size&quot;:&quot;&quot;,&quot;sizes&quot;:[]}}\">\n\t\t\t\t<div class=\"elementor-element elementor-element-f0ee12c elementor-widget elementor-widget-text-editor\" data-id=\"f0ee12c\" data-element_type=\"widget\" data-e-type=\"widget\" data-widget_type=\"text-editor.default\">\n\t\t\t\t\t\t\t\t\t<p class=\"text-lg md:text-xl text-gray-700 leading-relaxed\">Le\u00a0<strong>Tableau de bord sur la repr\u00e9sentation des Noir.e.s dans les organismes publics<\/strong>\u00a0offre un regard d\u00e9taill\u00e9 sur la pr\u00e9sence et les contributions des membres des communaut\u00e9s noires au sein des structures publiques du Qu\u00e9bec. Cet outil vise \u00e0 mettre en lumi\u00e8re la diversit\u00e9, \u00e0 souligner les enjeux li\u00e9s \u00e0 l\u2019\u00e9quit\u00e9 et \u00e0 encourager une r\u00e9flexion collective sur l\u2019importance de l\u2019inclusion.<\/p>\t\t\t\t\t\t\t\t<\/div>\n\t\t\t\t<\/div>\n\t\t\t\t\t<\/div>\n\t\t\t\t<\/div>\n\t\t\t\t<\/div>","protected":false},"excerpt":{"rendered":"<p>Repr\u00e9sentation des Noir.e.s dans les organismes publics Le\u00a0Tableau de bord sur la repr\u00e9sentation des Noir.e.s dans les organismes publics\u00a0offre un regard d\u00e9taill\u00e9 sur la pr\u00e9sence et les contributions des membres des communaut\u00e9s noires au sein des structures publiques du Qu\u00e9bec. Cet outil vise \u00e0 mettre en lumi\u00e8re la diversit\u00e9, \u00e0 souligner les enjeux li\u00e9s \u00e0 [&hellip;]<\/p>\n","protected":false},"author":1,"featured_media":0,"parent":0,"menu_order":0,"comment_status":"closed","ping_status":"closed","template":"","meta":{"_acf_changed":false,"footnotes":""},"class_list":["post-1806","page","type-page","status-publish","hentry"],"acf":[],"_links":{"self":[{"href":"https:\/\/observatoire.sdesj.org\/en\/wp-json\/wp\/v2\/pages\/1806","targetHints":{"allow":["GET"]}}],"collection":[{"href":"https:\/\/observatoire.sdesj.org\/en\/wp-json\/wp\/v2\/pages"}],"about":[{"href":"https:\/\/observatoire.sdesj.org\/en\/wp-json\/wp\/v2\/types\/page"}],"author":[{"embeddable":true,"href":"https:\/\/observatoire.sdesj.org\/en\/wp-json\/wp\/v2\/users\/1"}],"replies":[{"embeddable":true,"href":"https:\/\/observatoire.sdesj.org\/en\/wp-json\/wp\/v2\/comments?post=1806"}],"version-history":[{"count":13,"href":"https:\/\/observatoire.sdesj.org\/en\/wp-json\/wp\/v2\/pages\/1806\/revisions"}],"predecessor-version":[{"id":2033,"href":"https:\/\/observatoire.sdesj.org\/en\/wp-json\/wp\/v2\/pages\/1806\/revisions\/2033"}],"wp:attachment":[{"href":"https:\/\/observatoire.sdesj.org\/en\/wp-json\/wp\/v2\/media?parent=1806"}],"curies":[{"name":"wp","href":"https:\/\/api.w.org\/{rel}","templated":true}]}}