{"id":1773,"date":"2026-03-30T06:03:42","date_gmt":"2026-03-30T06:03:42","guid":{"rendered":"https:\/\/observatoire.sdesj.org\/?page_id=1773"},"modified":"2026-03-30T06:17:53","modified_gmt":"2026-03-30T06:17:53","slug":"tous-les-blogs","status":"publish","type":"page","link":"https:\/\/observatoire.sdesj.org\/en\/tous-les-blogs\/","title":{"rendered":"Tous les blogs"},"content":{"rendered":"\t\t<div data-elementor-type=\"wp-page\" data-elementor-id=\"1773\" class=\"elementor elementor-1773\" data-elementor-post-type=\"page\">\n\t\t\t\t<div data-particle_enable=\"false\" data-particle-mobile-disabled=\"false\" class=\"elementor-element elementor-element-4d2077ae e-flex e-con-boxed e-con e-parent\" data-id=\"4d2077ae\" data-element_type=\"container\" data-e-type=\"container\">\n\t\t\t\t\t<div class=\"e-con-inner\">\n\t\t\t\t<div class=\"elementor-element elementor-element-44fafaa6 elementor-widget elementor-widget-heading\" data-id=\"44fafaa6\" data-element_type=\"widget\" data-e-type=\"widget\" data-widget_type=\"heading.default\">\n\t\t\t\t\t<h2 class=\"elementor-heading-title elementor-size-default\">Voir toutes les actualit\u00e9s<\/h2>\t\t\t\t<\/div>\n\t\t\t\t<div class=\"elementor-element elementor-element-421e0eb2 elementor-widget elementor-widget-text-editor\" data-id=\"421e0eb2\" data-element_type=\"widget\" data-e-type=\"widget\" data-widget_type=\"text-editor.default\">\n\t\t\t\t\t\t\t\t\t<p data-start=\"103\" data-end=\"460\">\u201cSur notre site, vous pouvez voir toutes les actualit\u00e9s en un seul endroit. Nous mettons \u00e0 jour r\u00e9guli\u00e8rement les informations pour vous offrir les derni\u00e8res nouvelles importantes. Que ce soit des \u00e9v\u00e9nements r\u00e9cents, des annonces ou des mises \u00e0 jour, tout est disponible ici. Cliquez sur cette section pour rester inform\u00e9 et ne rien manquer des nouveaut\u00e9s.\u201d<\/p><p data-start=\"462\" data-end=\"548\" data-is-last-node=\"\" data-is-only-node=\"\">\u00a0<\/p>\t\t\t\t\t\t\t\t<\/div>\n\t\t\t\t\t<\/div>\n\t\t\t\t<\/div>\n\t\t<div data-particle_enable=\"false\" data-particle-mobile-disabled=\"false\" class=\"elementor-element elementor-element-613a758 e-flex e-con-boxed e-con e-parent\" data-id=\"613a758\" data-element_type=\"container\" data-e-type=\"container\">\n\t\t\t\t\t<div class=\"e-con-inner\">\n\t\t\t\t<div class=\"elementor-element elementor-element-a4ba2b8 elementor-grid-3 elementor-grid-tablet-2 elementor-grid-mobile-1 elementor-widget elementor-widget-loop-grid\" data-id=\"a4ba2b8\" data-element_type=\"widget\" data-e-type=\"widget\" data-settings=\"{&quot;template_id&quot;:&quot;1074&quot;,&quot;columns&quot;:3,&quot;pagination_type&quot;:&quot;prev_next&quot;,&quot;_skin&quot;:&quot;post&quot;,&quot;columns_tablet&quot;:&quot;2&quot;,&quot;columns_mobile&quot;:&quot;1&quot;,&quot;edit_handle_selector&quot;:&quot;[data-elementor-type=\\&quot;loop-item\\&quot;]&quot;,&quot;pagination_load_type&quot;:&quot;page_reload&quot;,&quot;row_gap&quot;:{&quot;unit&quot;:&quot;px&quot;,&quot;size&quot;:&quot;&quot;,&quot;sizes&quot;:[]},&quot;row_gap_tablet&quot;:{&quot;unit&quot;:&quot;px&quot;,&quot;size&quot;:&quot;&quot;,&quot;sizes&quot;:[]},&quot;row_gap_mobile&quot;:{&quot;unit&quot;:&quot;px&quot;,&quot;size&quot;:&quot;&quot;,&quot;sizes&quot;:[]}}\" data-widget_type=\"loop-grid.post\">\n\t\t\t\t<div class=\"elementor-widget-container\">\n\t\t\t\t\t\t\t<div class=\"elementor-loop-container elementor-grid\" role=\"list\">\n\t\t<style id=\"loop-1074\">.elementor-1074 .elementor-element.elementor-element-0bfa8a6{--display:flex;--flex-direction:column;--container-widget-width:100%;--container-widget-height:initial;--container-widget-flex-grow:0;--container-widget-align-self:initial;--flex-wrap-mobile:wrap;--border-radius:10px 10px 10px 10px;box-shadow:0px 0px 10px 0px rgba(0,0,0,0.5);--padding-top:0px;--padding-bottom:0px;--padding-left:0px;--padding-right:0px;}.elementor-1074 .elementor-element.elementor-element-0bfa8a6:hover{border-style:solid;border-width:1px 1px 1px 1px;--border-top-width:1px;--border-right-width:1px;--border-bottom-width:1px;--border-left-width:1px;border-color:var( --e-global-color-secondary );--border-color:var( --e-global-color-secondary );--border-radius:10px 10px 10px 10px;--border-top-left-radius:10px;--border-top-right-radius:10px;--border-bottom-right-radius:10px;--border-bottom-left-radius:10px;}.elementor-1074 .elementor-element.elementor-element-0bfa8a6, .elementor-1074 .elementor-element.elementor-element-0bfa8a6::before{--border-transition:0.3s;}.elementor-1074 .elementor-element.elementor-element-0bfa8a6.e-con:hover{--e-con-transform-translateX:0px;--e-con-transform-translateY:-4px;}.elementor-1074 .elementor-element.elementor-element-31dce0d img{width:100%;max-width:100%;height:244px;border-radius:10px 10px 0px 0px;}.elementor-1074 .elementor-element.elementor-element-31dce0d{margin:0px 0px calc(var(--kit-widget-spacing, 0px) + 0px) 0px;padding:0px 0px 0px 0px;}.elementor-1074 .elementor-element.elementor-element-31dce0d:hover{border-style:none;}.elementor-1074 .elementor-element.elementor-element-9226d4c .elementor-heading-title{font-family:\"Inter\", Sans-serif;font-size:20px;font-weight:600;line-height:25px;letter-spacing:0.4px;color:#0C1F63;}.elementor-1074 .elementor-element.elementor-element-9226d4c{margin:0px 0px calc(var(--kit-widget-spacing, 0px) + -5px) 0px;padding:0px 20px 0px 20px;}.elementor-1074 .elementor-element.elementor-element-47d94a2{font-family:\"Inter\", Sans-serif;font-size:15px;font-weight:400;color:var( --e-global-color-text );margin:0px 20px calc(var(--kit-widget-spacing, 0px) + 0px) 20px;padding:0px 0px 0px 5px;}.elementor-1074 .elementor-element.elementor-element-4825bba .elementor-button-content-wrapper{flex-direction:row-reverse;}.elementor-1074 .elementor-element.elementor-element-4825bba .elementor-button{fill:#E42320;color:#E42320;background-color:#61CE7000;}.elementor-1074 .elementor-element.elementor-element-4825bba{margin:0px 0px calc(var(--kit-widget-spacing, 0px) + 0px) 0px;padding:0px 0px 0px 6px;}\/* Start custom CSS for button, class: .elementor-element-4825bba *\/\/* The custom class for the button *\/\n.ev-btn-bottom {\n    margin-top: auto !important;\n}\/* End custom CSS *\/<\/style>\t\t<div data-elementor-type=\"loop-item\" data-elementor-id=\"1074\" class=\"elementor elementor-1074 e-loop-item e-loop-item-1684 post-1684 post type-post status-publish format-standard has-post-thumbnail hentry category-sommet-jeunes-afro\" data-elementor-post-type=\"elementor_library\" data-custom-edit-handle=\"1\">\n\t\t\t<div data-particle_enable=\"false\" data-particle-mobile-disabled=\"false\" class=\"elementor-element elementor-element-0bfa8a6 e-transform e-flex e-con-boxed e-con e-parent\" data-id=\"0bfa8a6\" data-element_type=\"container\" data-e-type=\"container\" data-settings=\"{&quot;_transform_translateX_effect_hover&quot;:{&quot;unit&quot;:&quot;px&quot;,&quot;size&quot;:0,&quot;sizes&quot;:[]},&quot;_transform_translateY_effect_hover&quot;:{&quot;unit&quot;:&quot;px&quot;,&quot;size&quot;:-4,&quot;sizes&quot;:[]},&quot;_transform_translateX_effect_hover_tablet&quot;:{&quot;unit&quot;:&quot;px&quot;,&quot;size&quot;:&quot;&quot;,&quot;sizes&quot;:[]},&quot;_transform_translateX_effect_hover_mobile&quot;:{&quot;unit&quot;:&quot;px&quot;,&quot;size&quot;:&quot;&quot;,&quot;sizes&quot;:[]},&quot;_transform_translateY_effect_hover_tablet&quot;:{&quot;unit&quot;:&quot;px&quot;,&quot;size&quot;:&quot;&quot;,&quot;sizes&quot;:[]},&quot;_transform_translateY_effect_hover_mobile&quot;:{&quot;unit&quot;:&quot;px&quot;,&quot;size&quot;:&quot;&quot;,&quot;sizes&quot;:[]}}\">\n\t\t\t\t\t<div class=\"e-con-inner\">\n\t\t\t\t<div class=\"elementor-element elementor-element-31dce0d elementor-widget elementor-widget-image\" data-id=\"31dce0d\" data-element_type=\"widget\" data-e-type=\"widget\" data-widget_type=\"image.default\">\n\t\t\t\t\t\t\t\t\t\t\t\t\t\t\t<img decoding=\"async\" src=\"https:\/\/observatoire.sdesj.org\/wp-content\/uploads\/elementor\/thumbs\/Capture-decran-2025-01-31-082911-rl3a8vryde5f1lglwvgonjigbfsakzcqcwleufm03i.png\" title=\"8e Sommet Jeunes Afro\" alt=\"8e Sommet Jeunes Afro\" loading=\"lazy\" \/>\t\t\t\t\t\t\t\t\t\t\t\t\t\t\t<\/div>\n\t\t\t\t<div class=\"elementor-element elementor-element-9226d4c elementor-widget elementor-widget-heading\" data-id=\"9226d4c\" data-element_type=\"widget\" data-e-type=\"widget\" data-widget_type=\"heading.default\">\n\t\t\t\t\t<h2 class=\"elementor-heading-title elementor-size-default\">8e Sommet Jeunes Afro: c\u00e9l\u00e9brer l\u2019excellence des jeunes des communaut\u00e9s noires.<\/h2>\t\t\t\t<\/div>\n\t\t\t\t<div class=\"elementor-element elementor-element-47d94a2 elementor-widget elementor-widget-text-editor\" data-id=\"47d94a2\" data-element_type=\"widget\" data-e-type=\"widget\" data-widget_type=\"text-editor.default\">\n\t\t\t\t\t\t\t\t\t<p>\u00abLe bilan de notre collaboration, notamment avec le Service de l\u2019admission et du recrutement et le Bureau de la responsabilit\u00e9\t\t\t\t\t\t\t\t<\/div>\n\t\t\t\t<div class=\"elementor-element elementor-element-4825bba elementor-align-left ev-btn-bottom elementor-widget elementor-widget-button\" data-id=\"4825bba\" data-element_type=\"widget\" data-e-type=\"widget\" data-widget_type=\"button.default\">\n\t\t\t\t\t\t\t\t\t\t<a class=\"elementor-button elementor-button-link elementor-size-sm\" href=\"https:\/\/observatoire.sdesj.org\/en\/8e-sommet-jeunes-afro-celebrer-lexcellence-des-jeunes-des-communautes-noires\/\">\n\t\t\t\t\t\t<span class=\"elementor-button-content-wrapper\">\n\t\t\t\t\t\t<span class=\"elementor-button-icon\">\n\t\t\t\t<svg aria-hidden=\"true\" class=\"e-font-icon-svg e-far-arrow-alt-circle-right\" viewBox=\"0 0 512 512\" xmlns=\"http:\/\/www.w3.org\/2000\/svg\"><path d=\"M504 256C504 119 393 8 256 8S8 119 8 256s111 248 248 248 248-111 248-248zm-448 0c0-110.5 89.5-200 200-200s200 89.5 200 200-89.5 200-200 200S56 366.5 56 256zm72 20v-40c0-6.6 5.4-12 12-12h116v-67c0-10.7 12.9-16 20.5-8.5l99 99c4.7 4.7 4.7 12.3 0 17l-99 99c-7.6 7.6-20.5 2.2-20.5-8.5v-67H140c-6.6 0-12-5.4-12-12z\"><\/path><\/svg>\t\t\t<\/span>\n\t\t\t\t\t\t\t\t\t<span class=\"elementor-button-text\">Lire la suite<\/span>\n\t\t\t\t\t<\/span>\n\t\t\t\t\t<\/a>\n\t\t\t\t\t\t\t\t<\/div>\n\t\t\t\t\t<\/div>\n\t\t\t\t<\/div>\n\t\t\t\t<\/div>\n\t\t\t\t<div data-elementor-type=\"loop-item\" data-elementor-id=\"1074\" class=\"elementor elementor-1074 e-loop-item e-loop-item-1471 post-1471 post type-post status-publish format-standard has-post-thumbnail hentry category-uncategorized category-veille-scientifique\" data-elementor-post-type=\"elementor_library\" data-custom-edit-handle=\"1\">\n\t\t\t<div data-particle_enable=\"false\" data-particle-mobile-disabled=\"false\" class=\"elementor-element elementor-element-0bfa8a6 e-transform e-flex e-con-boxed e-con e-parent\" data-id=\"0bfa8a6\" data-element_type=\"container\" data-e-type=\"container\" data-settings=\"{&quot;_transform_translateX_effect_hover&quot;:{&quot;unit&quot;:&quot;px&quot;,&quot;size&quot;:0,&quot;sizes&quot;:[]},&quot;_transform_translateY_effect_hover&quot;:{&quot;unit&quot;:&quot;px&quot;,&quot;size&quot;:-4,&quot;sizes&quot;:[]},&quot;_transform_translateX_effect_hover_tablet&quot;:{&quot;unit&quot;:&quot;px&quot;,&quot;size&quot;:&quot;&quot;,&quot;sizes&quot;:[]},&quot;_transform_translateX_effect_hover_mobile&quot;:{&quot;unit&quot;:&quot;px&quot;,&quot;size&quot;:&quot;&quot;,&quot;sizes&quot;:[]},&quot;_transform_translateY_effect_hover_tablet&quot;:{&quot;unit&quot;:&quot;px&quot;,&quot;size&quot;:&quot;&quot;,&quot;sizes&quot;:[]},&quot;_transform_translateY_effect_hover_mobile&quot;:{&quot;unit&quot;:&quot;px&quot;,&quot;size&quot;:&quot;&quot;,&quot;sizes&quot;:[]}}\">\n\t\t\t\t\t<div class=\"e-con-inner\">\n\t\t\t\t<div class=\"elementor-element elementor-element-31dce0d elementor-widget elementor-widget-image\" data-id=\"31dce0d\" data-element_type=\"widget\" data-e-type=\"widget\" data-widget_type=\"image.default\">\n\t\t\t\t\t\t\t\t\t\t\t\t\t\t\t<img decoding=\"async\" src=\"https:\/\/observatoire.sdesj.org\/wp-content\/uploads\/elementor\/thumbs\/Capture-decran-Oct-21-2024-rl1g8bk4q6temjjsd3bfwrbqirjzyvkha0mw3pd24e.png\" title=\"Capture d&rsquo;e\u0301cran Oct 21 2024\" alt=\"Capture d&#039;e\u0301cran Oct 21 2024\" loading=\"lazy\" \/>\t\t\t\t\t\t\t\t\t\t\t\t\t\t\t<\/div>\n\t\t\t\t<div class=\"elementor-element elementor-element-9226d4c elementor-widget elementor-widget-heading\" data-id=\"9226d4c\" data-element_type=\"widget\" data-e-type=\"widget\" data-widget_type=\"heading.default\">\n\t\t\t\t\t<h2 class=\"elementor-heading-title elementor-size-default\">Septembre 2024. \u00ab\u00a0L&rsquo;apport de main-d&rsquo;oeuvre immigrante qualifi\u00e9e ou peu qualifi\u00e9e \u00e0 l&rsquo;\u00e9conomie canadienne\u00a0\u00bb<\/h2>\t\t\t\t<\/div>\n\t\t\t\t<div class=\"elementor-element elementor-element-47d94a2 elementor-widget elementor-widget-text-editor\" data-id=\"47d94a2\" data-element_type=\"widget\" data-e-type=\"widget\" data-widget_type=\"text-editor.default\">\n\t\t\t\t\t\t\t\t\t<p>Cette \u00e9tude propose une analyse du niveau de comp\u00e9tence des immigrants r\u00e9cents au Canada ainsi que des professions qu\u2019ils exercent,\t\t\t\t\t\t\t\t<\/div>\n\t\t\t\t<div class=\"elementor-element elementor-element-4825bba elementor-align-left ev-btn-bottom elementor-widget elementor-widget-button\" data-id=\"4825bba\" data-element_type=\"widget\" data-e-type=\"widget\" data-widget_type=\"button.default\">\n\t\t\t\t\t\t\t\t\t\t<a class=\"elementor-button elementor-button-link elementor-size-sm\" href=\"https:\/\/observatoire.sdesj.org\/en\/septembre-2024-lapport-de-main-doeuvre-immigrante-qualifiee-ou-peu-qualifiee-a-leconomie-canadienne\/\">\n\t\t\t\t\t\t<span class=\"elementor-button-content-wrapper\">\n\t\t\t\t\t\t<span class=\"elementor-button-icon\">\n\t\t\t\t<svg aria-hidden=\"true\" class=\"e-font-icon-svg e-far-arrow-alt-circle-right\" viewBox=\"0 0 512 512\" xmlns=\"http:\/\/www.w3.org\/2000\/svg\"><path d=\"M504 256C504 119 393 8 256 8S8 119 8 256s111 248 248 248 248-111 248-248zm-448 0c0-110.5 89.5-200 200-200s200 89.5 200 200-89.5 200-200 200S56 366.5 56 256zm72 20v-40c0-6.6 5.4-12 12-12h116v-67c0-10.7 12.9-16 20.5-8.5l99 99c4.7 4.7 4.7 12.3 0 17l-99 99c-7.6 7.6-20.5 2.2-20.5-8.5v-67H140c-6.6 0-12-5.4-12-12z\"><\/path><\/svg>\t\t\t<\/span>\n\t\t\t\t\t\t\t\t\t<span class=\"elementor-button-text\">Lire la suite<\/span>\n\t\t\t\t\t<\/span>\n\t\t\t\t\t<\/a>\n\t\t\t\t\t\t\t\t<\/div>\n\t\t\t\t\t<\/div>\n\t\t\t\t<\/div>\n\t\t\t\t<\/div>\n\t\t\t\t<div data-elementor-type=\"loop-item\" data-elementor-id=\"1074\" class=\"elementor elementor-1074 e-loop-item e-loop-item-1097 post-1097 post type-post status-publish format-standard has-post-thumbnail hentry category-education\" data-elementor-post-type=\"elementor_library\" data-custom-edit-handle=\"1\">\n\t\t\t<div data-particle_enable=\"false\" data-particle-mobile-disabled=\"false\" class=\"elementor-element elementor-element-0bfa8a6 e-transform e-flex e-con-boxed e-con e-parent\" data-id=\"0bfa8a6\" data-element_type=\"container\" data-e-type=\"container\" data-settings=\"{&quot;_transform_translateX_effect_hover&quot;:{&quot;unit&quot;:&quot;px&quot;,&quot;size&quot;:0,&quot;sizes&quot;:[]},&quot;_transform_translateY_effect_hover&quot;:{&quot;unit&quot;:&quot;px&quot;,&quot;size&quot;:-4,&quot;sizes&quot;:[]},&quot;_transform_translateX_effect_hover_tablet&quot;:{&quot;unit&quot;:&quot;px&quot;,&quot;size&quot;:&quot;&quot;,&quot;sizes&quot;:[]},&quot;_transform_translateX_effect_hover_mobile&quot;:{&quot;unit&quot;:&quot;px&quot;,&quot;size&quot;:&quot;&quot;,&quot;sizes&quot;:[]},&quot;_transform_translateY_effect_hover_tablet&quot;:{&quot;unit&quot;:&quot;px&quot;,&quot;size&quot;:&quot;&quot;,&quot;sizes&quot;:[]},&quot;_transform_translateY_effect_hover_mobile&quot;:{&quot;unit&quot;:&quot;px&quot;,&quot;size&quot;:&quot;&quot;,&quot;sizes&quot;:[]}}\">\n\t\t\t\t\t<div class=\"e-con-inner\">\n\t\t\t\t<div class=\"elementor-element elementor-element-31dce0d elementor-widget elementor-widget-image\" data-id=\"31dce0d\" data-element_type=\"widget\" data-e-type=\"widget\" data-widget_type=\"image.default\">\n\t\t\t\t\t\t\t\t\t\t\t\t\t\t\t<img decoding=\"async\" src=\"https:\/\/observatoire.sdesj.org\/wp-content\/uploads\/elementor\/thumbs\/gallery-6-rkskpfukwg8n984j3wpligydd3sh43xgg1kkjcsr9a.jpg\" title=\"gallery-6\" alt=\"gallery-6\" loading=\"lazy\" \/>\t\t\t\t\t\t\t\t\t\t\t\t\t\t\t<\/div>\n\t\t\t\t<div class=\"elementor-element elementor-element-9226d4c elementor-widget elementor-widget-heading\" data-id=\"9226d4c\" data-element_type=\"widget\" data-e-type=\"widget\" data-widget_type=\"heading.default\">\n\t\t\t\t\t<h2 class=\"elementor-heading-title elementor-size-default\">R\u00e9action du SdesJ suite au Budget f\u00e9d\u00e9ral 2018<\/h2>\t\t\t\t<\/div>\n\t\t\t\t<div class=\"elementor-element elementor-element-47d94a2 elementor-widget elementor-widget-text-editor\" data-id=\"47d94a2\" data-element_type=\"widget\" data-e-type=\"widget\" data-widget_type=\"text-editor.default\">\n\t\t\t\t\t\t\t\t\t<p>Le Sommet socio\u00e9conomique pour le d\u00e9veloppement des jeunes des communaut\u00e9s noires (SDESJ) f\u00e9licite le Premier ministre Justin Trudeau pour des\t\t\t\t\t\t\t\t<\/div>\n\t\t\t\t<div class=\"elementor-element elementor-element-4825bba elementor-align-left ev-btn-bottom elementor-widget elementor-widget-button\" data-id=\"4825bba\" data-element_type=\"widget\" data-e-type=\"widget\" data-widget_type=\"button.default\">\n\t\t\t\t\t\t\t\t\t\t<a class=\"elementor-button elementor-button-link elementor-size-sm\" href=\"https:\/\/observatoire.sdesj.org\/en\/hello-world\/\">\n\t\t\t\t\t\t<span class=\"elementor-button-content-wrapper\">\n\t\t\t\t\t\t<span class=\"elementor-button-icon\">\n\t\t\t\t<svg aria-hidden=\"true\" class=\"e-font-icon-svg e-far-arrow-alt-circle-right\" viewBox=\"0 0 512 512\" xmlns=\"http:\/\/www.w3.org\/2000\/svg\"><path d=\"M504 256C504 119 393 8 256 8S8 119 8 256s111 248 248 248 248-111 248-248zm-448 0c0-110.5 89.5-200 200-200s200 89.5 200 200-89.5 200-200 200S56 366.5 56 256zm72 20v-40c0-6.6 5.4-12 12-12h116v-67c0-10.7 12.9-16 20.5-8.5l99 99c4.7 4.7 4.7 12.3 0 17l-99 99c-7.6 7.6-20.5 2.2-20.5-8.5v-67H140c-6.6 0-12-5.4-12-12z\"><\/path><\/svg>\t\t\t<\/span>\n\t\t\t\t\t\t\t\t\t<span class=\"elementor-button-text\">Lire la suite<\/span>\n\t\t\t\t\t<\/span>\n\t\t\t\t\t<\/a>\n\t\t\t\t\t\t\t\t<\/div>\n\t\t\t\t\t<\/div>\n\t\t\t\t<\/div>\n\t\t\t\t<\/div>\n\t\t\t\t<\/div>\n\t\t\n\t\t\t\t\t\t<\/div>\n\t\t\t\t<\/div>\n\t\t\t\t\t<\/div>\n\t\t\t\t<\/div>\n\t\t\t\t<\/div>\n\t\t","protected":false},"excerpt":{"rendered":"<p>Voir toutes les actualit\u00e9s \u201cSur notre site, vous pouvez voir toutes les actualit\u00e9s en un seul endroit. Nous mettons \u00e0 jour r\u00e9guli\u00e8rement les informations pour vous offrir les derni\u00e8res nouvelles importantes. Que ce soit des \u00e9v\u00e9nements r\u00e9cents, des annonces ou des mises \u00e0 jour, tout est disponible ici. Cliquez sur cette section pour rester inform\u00e9 [&hellip;]<\/p>\n","protected":false},"author":1,"featured_media":0,"parent":0,"menu_order":0,"comment_status":"closed","ping_status":"closed","template":"","meta":{"_acf_changed":false,"footnotes":""},"class_list":["post-1773","page","type-page","status-publish","hentry"],"acf":[],"_links":{"self":[{"href":"https:\/\/observatoire.sdesj.org\/en\/wp-json\/wp\/v2\/pages\/1773","targetHints":{"allow":["GET"]}}],"collection":[{"href":"https:\/\/observatoire.sdesj.org\/en\/wp-json\/wp\/v2\/pages"}],"about":[{"href":"https:\/\/observatoire.sdesj.org\/en\/wp-json\/wp\/v2\/types\/page"}],"author":[{"embeddable":true,"href":"https:\/\/observatoire.sdesj.org\/en\/wp-json\/wp\/v2\/users\/1"}],"replies":[{"embeddable":true,"href":"https:\/\/observatoire.sdesj.org\/en\/wp-json\/wp\/v2\/comments?post=1773"}],"version-history":[{"count":19,"href":"https:\/\/observatoire.sdesj.org\/en\/wp-json\/wp\/v2\/pages\/1773\/revisions"}],"predecessor-version":[{"id":1798,"href":"https:\/\/observatoire.sdesj.org\/en\/wp-json\/wp\/v2\/pages\/1773\/revisions\/1798"}],"wp:attachment":[{"href":"https:\/\/observatoire.sdesj.org\/en\/wp-json\/wp\/v2\/media?parent=1773"}],"curies":[{"name":"wp","href":"https:\/\/api.w.org\/{rel}","templated":true}]}}